{"id":3273,"date":"2020-09-11T19:59:20","date_gmt":"2020-09-11T16:59:20","guid":{"rendered":"https:\/\/parsaglik.com\/index.php\/mesafeli-satis-sozlesmesi\/"},"modified":"2020-09-12T01:53:33","modified_gmt":"2020-09-11T22:53:33","slug":"distance-sales-contract","status":"publish","type":"page","link":"https:\/\/parsaglik.com\/en\/distance-sales-contract\/","title":{"rendered":"Distance Sales Contract"},"content":{"rendered":"\t\t<div data-elementor-type=\"wp-page\" data-elementor-id=\"3273\" class=\"elementor elementor-3273 elementor-3159\" data-elementor-settings=\"[]\">\n\t\t\t\t\t\t<div class=\"elementor-inner\">\n\t\t\t\t\t\t\t<div class=\"elementor-section-wrap\">\n\t\t\t\t\t\t\t<section class=\"elementor-section elementor-top-section elementor-element elementor-element-4a73170 elementor-section-boxed elementor-section-height-default elementor-section-height-default\" data-id=\"4a73170\" data-element_type=\"section\">\n\t\t\t\t\t\t<div class=\"elementor-container elementor-column-gap-default\">\n\t\t\t\t\t\t\t<div class=\"elementor-row\">\n\t\t\t\t\t<div class=\"elementor-column elementor-col-100 elementor-top-column elementor-element elementor-element-9bc642c\" data-id=\"9bc642c\" data-element_type=\"column\">\n\t\t\t<div class=\"elementor-column-wrap elementor-element-populated\">\n\t\t\t\t\t\t\t<div class=\"elementor-widget-wrap\">\n\t\t\t\t\t\t<div class=\"elementor-element elementor-element-e4e3f06 elementor-widget elementor-widget-text-editor\" data-id=\"e4e3f06\" data-element_type=\"widget\" data-widget_type=\"text-editor.default\">\n\t\t\t\t<div class=\"elementor-widget-container\">\n\t\t\t\t\t\t\t\t<div class=\"elementor-text-editor elementor-clearfix\">\n\t\t\t\t<p align=\"center\"><span style=\"font-family: arial, helvetica, sans-serif; color: #000000;\"><strong>MESAFEL\u0130 SATI\u015e S\u00d6ZLE\u015eMES\u0130<\/strong><\/span><\/p><p><span style=\"font-family: arial, helvetica, sans-serif; color: #000000;\"><strong>MADDE 1 \u2013\u00a0 S\u00d6ZLE\u015eMEN\u0130N TARAFLARI<\/strong><\/span><\/p><ol><li value=\"1.1\"><span style=\"font-family: arial, helvetica, sans-serif; color: #000000;\"><strong><u>Sat\u0131c\u0131:<\/u><\/strong>\u00a0Par Brothers Sa\u011fl\u0131k Turizm ve Dan\u0131\u015fmanl\u0131k Ltd.\u015eti.<\/span><br \/><span style=\"font-family: arial, helvetica, sans-serif; color: #000000;\">Adresi: Fulya Mahallesi B\u00fcy\u00fckdere Caddesi Torun Center D Blok No:74 D \u0130\u00e7 Kap\u0131 10 \u015ei\u015fli -\u0130STANBUL<\/span><\/li><\/ol><p><span style=\"font-family: arial, helvetica, sans-serif; color: #000000;\">Email :\u00a0<a style=\"color: #000000;\" href=\"mailto:info@pardanismanlik.com\">info@pardanismanlik.com<\/a><\/span><\/p><ol><li value=\"1.2\"><span style=\"font-family: arial, helvetica, sans-serif; color: #000000;\"><strong><u>Al\u0131c\u0131:<\/u><\/strong>\u00a0M\u00fc\u015fteri<\/span><\/li><\/ol><p style=\"text-align: justify;\"><span style=\"font-family: arial, helvetica, sans-serif; color: #000000;\"><strong>MADDE 2 \u2013 S\u00d6ZLE\u015eMEN\u0130N KONUSU:<\/strong><\/span><\/p><p style=\"text-align: justify;\"><span style=\"font-family: arial, helvetica, sans-serif; color: #000000;\">\u0130\u015f bu s\u00f6zle\u015fmenin konusu, Al\u0131c\u0131n\u0131n Sat\u0131c\u0131ya ait http:\/\/www.pardanismanlik.com web sitesinden elektronik ortamda sipari\u015f verdi\u011fi, s\u00f6zle\u015fmede bahsi ge\u00e7en nitelikleri haiz ve yine s\u00f6zle\u015fmede sat\u0131\u015f fiyat\u0131 belirtilen mal\/hizmetin sat\u0131\u015f\u0131 ve teslimi ile ilgili olarak 4077 say\u0131l\u0131 T\u00fcketicilerin Korunmas\u0131 Hakk\u0131ndaki Kanun ve Mesafeli S\u00f6zle\u015fmeler Uygulama Esas ve Usulleri Hakk\u0131nda Y\u00f6netmelik h\u00fck\u00fcmleri gere\u011fince taraflar\u0131n hak ve y\u00fck\u00fcml\u00fcl\u00fcklerinin saptanmas\u0131d\u0131r.<\/span><\/p><p style=\"text-align: justify;\"><span style=\"font-family: arial, helvetica, sans-serif; color: #000000;\">Al\u0131c\u0131, sat\u0131\u015fa konu mal\/hizmetlerin temel nitelikleri, sat\u0131\u015f fiyat\u0131, \u00f6deme \u015fekli, teslimat ko\u015fullar\u0131 vs. sat\u0131\u015fa konu mal\/hizmet ile ilgili t\u00fcm \u00f6n bilgiler ve \u201ccayma\u201d hakk\u0131 konusunda bilgi sahibi oldu\u011funu, bu \u00f6n bilgileri elektronik ortamda teyit etti\u011fini ve sonras\u0131nda mal\/hizmeti sipari\u015f verdi\u011fini is bu s\u00f6zle\u015fme h\u00fck\u00fcmlerince kabul ve beyan eder.<\/span><\/p><p style=\"text-align: justify;\"><span style=\"font-family: arial, helvetica, sans-serif; color: #000000;\">http:\/\/www.pardanismanlik.com sitesinde \u00f6deme sayfas\u0131nda yer alan \u00f6n bilgilendirme ve fatura i\u015fbu s\u00f6zle\u015fmenin ayr\u0131lmaz par\u00e7alar\u0131d\u0131r.<\/span><\/p><p style=\"text-align: justify;\"><span style=\"font-family: arial, helvetica, sans-serif; color: #000000;\"><strong>MADDE 3 \u2013 S\u00d6ZLE\u015eME TAR\u0130H\u0130<\/strong>:<\/span><\/p><p style=\"text-align: justify;\"><span style=\"font-family: arial, helvetica, sans-serif; color: #000000;\">Sat\u0131c\u0131 taraf\u0131ndan daha \u00f6nce imzalanm\u0131\u015f bulunan i\u015f bu iki n\u00fcsha s\u00f6zle\u015fme al\u0131c\u0131 taraf\u0131ndan imzalanarak kabul edilmi\u015f ve bir n\u00fcshas\u0131 al\u0131c\u0131n\u0131n mail adresine mail g\u00f6nderilecektir.<\/span><\/p><p style=\"text-align: justify;\"><span style=\"font-family: arial, helvetica, sans-serif; color: #000000;\"><strong>MADDE 4 \u2013 MAL\/H\u0130ZMET\u0130N TESL\u0130M\u0130, S\u00d6ZLE\u015eMEN\u0130N \u0130FA YER\u0130 VE TESL\u0130M \u015eEKL\u0130:<\/strong><\/span><\/p><p style=\"text-align: justify;\"><span style=\"font-family: arial, helvetica, sans-serif; color: #000000;\">Mal\/hizmet, al\u0131c\u0131n\u0131n teslimini talep etmi\u015f oldu\u011fu adresine teslim edilecektir.<\/span><\/p><p style=\"text-align: justify;\"><span style=\"font-family: arial, helvetica, sans-serif; color: #000000;\"><strong>MADDE 5 \u2013 TESL\u0130MAT MASRAFLARI VE \u0130FASI:<\/strong><\/span><\/p><p style=\"text-align: justify;\"><span style=\"font-family: arial, helvetica, sans-serif; color: #000000;\">Teslimat masraflar\u0131 al\u0131c\u0131ya aittir. Sat\u0131c\u0131, web sitesinde, ilan etti\u011fi rakam\u0131n \u00fczerinde al\u0131\u015fveri\u015f yapanlar\u0131n teslimat \u00fccretinin kendisince kar\u015f\u0131lanaca\u011f\u0131n\u0131 ya da kampanya dahilinde \u00fccretsiz teslimat yapaca\u011f\u0131n\u0131 beyan etmi\u015fse, teslimat masraf\u0131 sat\u0131c\u0131ya aittir. Teslimat; stokun m\u00fcsait olmas\u0131 ve mal bedelinin sat\u0131c\u0131n\u0131n hesab\u0131na ge\u00e7mesinden sonra en k\u0131sa s\u00fcrede yap\u0131l\u0131r. Sat\u0131c\u0131, mal\/hizmetin sipari\u015finden itibaren 30 (Otuz) g\u00fcn i\u00e7inde teslim eder ve bu s\u00fcre i\u00e7inde yaz\u0131l\u0131 bildirimle ek 10 (on) g\u00fcnl\u00fck s\u00fcre uzat\u0131m hakk\u0131n\u0131 sakl\u0131 tutar. Herhangi bir nedenle mal\/hizmet bedeli \u00f6denmez veya banka kay\u0131tlar\u0131nda iptal edilir ise, sat\u0131c\u0131 mal\/hizmetin teslimi y\u00fck\u00fcml\u00fcl\u00fc\u011f\u00fcnden kurtulmu\u015f kabul edilir.<\/span><\/p><p style=\"text-align: justify;\"><span style=\"font-family: arial, helvetica, sans-serif; color: #000000;\"><strong>MADDE 6 \u2013 ALICININ HAK ve Y\u00dcK\u00dcML\u00dcL\u00dcKLER\u0130<\/strong><\/span><\/p><p style=\"text-align: justify;\"><span style=\"font-family: arial, helvetica, sans-serif; color: #000000;\">Al\u0131c\u0131, s\u00f6zle\u015fme konusu mal\/hizmeti teslim almadan \u00f6nce muayene edecek; ezik, k\u0131r\u0131k, ambalaj\u0131 y\u0131rt\u0131lm\u0131\u015f vb. hasarl\u0131 ve ay\u0131pl\u0131 mal\/hizmeti kargo \u015firketinden teslim almayacakt\u0131r. Teslim al\u0131nan mal\/hizmetin hasars\u0131z ve sa\u011flam oldu\u011fu kabul edilecektir. Teslimden sonra mal\/hizmetin \u00f6zenle korunmas\u0131 borcu, al\u0131c\u0131ya aittir. Cayma hakk\u0131 kullan\u0131lacaksa mal\/hizmet kullan\u0131lmamal\u0131d\u0131r. Fatura iade edilmelidir. Mal\/hizmetin tesliminden sonra al\u0131c\u0131ya ait kredi kart\u0131n\u0131n al\u0131c\u0131n\u0131n kusurundan kaynaklanmayan bir \u015fekilde yetkisiz ki\u015filerce haks\u0131z veya hukuka ayk\u0131r\u0131 olarak kullan\u0131lmas\u0131 nedeni ile ilgili banka veya finans kurulu\u015funun mal\/hizmet bedelini sat\u0131c\u0131ya \u00f6dememesi halinde, Al\u0131c\u0131 kendisine teslim edilmi\u015f olmas\u0131 kayd\u0131yla mal\/hizmeti 3 (\u00fc\u00e7) g\u00fcn i\u00e7inde sat\u0131c\u0131ya g\u00f6ndermekle y\u00fck\u00fcml\u00fcd\u00fcr. Bu takdirde teslimat giderleri al\u0131c\u0131ya aittir.<\/span><\/p><p style=\"text-align: justify;\"><span style=\"font-family: arial, helvetica, sans-serif; color: #000000;\"><strong>MADDE 7 \u2013 SATICININ HAK ve Y\u00dcK\u00dcML\u00dcL\u00dcKLER\u0130<\/strong><\/span><\/p><p style=\"text-align: justify;\"><span style=\"font-family: arial, helvetica, sans-serif; color: #000000;\">Sat\u0131c\u0131, s\u00f6zle\u015fme konusu mal\/hizmetin sa\u011flam, eksiksiz, sipari\u015fte belirtilen niteliklere uygun ve varsa garanti belgeleri ve kullan\u0131m k\u0131lavuzlar\u0131 ile teslim edilmesinden sorumludur. S\u00f6zle\u015fme konusu mal\/hizmet, al\u0131c\u0131dan ba\u015fka bir ki\u015fi\/kurulu\u015fa teslim edilecek ise, teslim edilecek ki\u015fi\/kurulu\u015fun teslimat\u0131 kabul etmemesinden sat\u0131c\u0131 sorumlu tutulamaz.<\/span><\/p><p style=\"text-align: justify;\"><span style=\"font-family: arial, helvetica, sans-serif; color: #000000;\">Sat\u0131c\u0131, cayma beyan\u0131n\u0131n kendisine ula\u015fmas\u0131ndan sonra 14 (on d\u00f6rt) g\u00fcn i\u00e7inde mal\/hizmet bedelini, varsa k\u0131ymetli evrak\u0131 al\u0131c\u0131ya iade eder.<\/span><\/p><p style=\"text-align: justify;\"><span style=\"font-family: arial, helvetica, sans-serif; color: #000000;\">Al\u0131c\u0131, cayma hakk\u0131na ili\u015fkin bildirimi sat\u0131c\u0131ya y\u00f6neltti\u011fi tarihten itibaren 10 (on) g\u00fcn i\u00e7inde mal\u0131 sat\u0131c\u0131ya geri g\u00f6ndermekle y\u00fck\u00fcml\u00fcd\u00fcr.<\/span><\/p><p style=\"text-align: justify;\"><span style=\"font-family: arial, helvetica, sans-serif; color: #000000;\">Hakl\u0131 gerek\u00e7elerle sat\u0131c\u0131, s\u00f6zle\u015fmedeki ifa s\u00fcresi dolmadan al\u0131c\u0131ya e\u015fit kalite ve fiyatta tedarik edebilir. Sat\u0131c\u0131 mal\/hizmetin ifas\u0131n\u0131n imk\u00e2ns\u0131zla\u015ft\u0131\u011f\u0131n\u0131 d\u00fc\u015f\u00fcn\u00fcyorsa, s\u00f6zle\u015fmenin ifa s\u00fcresi dolmadan al\u0131c\u0131ya bildirir.<\/span><\/p><p style=\"text-align: justify;\"><span style=\"font-family: arial, helvetica, sans-serif; color: #000000;\">\u00a0Garanti belgesi ile sat\u0131lan mal\/hizmetlerden olan veya olmayan mal\/hizmetlerden ar\u0131zal\u0131 veya bozuk olan mal\/hizmetler, garanti \u015fartlar\u0131 i\u00e7inde gerekli onar\u0131m\u0131n yap\u0131lmas\u0131 i\u00e7in sat\u0131c\u0131ya g\u00f6nderilebilir, bu takdirde teslimat giderleri sat\u0131c\u0131 taraf\u0131ndan kar\u015f\u0131lanacakt\u0131r.<\/span><\/p><p style=\"text-align: justify;\"><span style=\"font-family: arial, helvetica, sans-serif; color: #000000;\"><strong>MADDE 8 \u2013 S\u00d6ZLE\u015eMEYE KONU MAL\/H\u0130ZMET\u0130N \u00d6ZELL\u0130KLER\u0130:<\/strong><\/span><\/p><p style=\"text-align: justify;\"><span style=\"font-family: arial, helvetica, sans-serif; color: #000000;\">Mal\/hizmetin cinsi ve t\u00fcr\u00fc, miktar\u0131, marka\/modeli, rengi ve t\u00fcm vergiler d\u00e2hil sat\u0131\u015f bedeli http:\/\/www.pardanismanlik.com adl\u0131 web sitesindeki mal\/hizmet tan\u0131t\u0131m sayfas\u0131nda yer alan bilgilerde ve i\u015f bu s\u00f6zle\u015fmenin ayr\u0131lmaz par\u00e7as\u0131 say\u0131lan faturada belirtildi\u011fi gibidir.<\/span><\/p><p style=\"text-align: justify;\"><span style=\"font-family: arial, helvetica, sans-serif; color: #000000;\"><strong>MADDE 9 \u2013 MAL\/H\u0130ZMET\u0130N PE\u015e\u0130N F\u0130YAT\u0130:<\/strong><\/span><\/p><p style=\"text-align: justify;\"><span style=\"font-family: arial, helvetica, sans-serif; color: #000000;\">Mal\/hizmetin pe\u015fin fiyat\u0131 sipari\u015f sonu mail at\u0131lan \u00f6rnek fatura ve \u00fcr\u00fcn ile birlikte m\u00fc\u015fteriye g\u00f6nderilen fatura i\u00e7eri\u011finde mevcuttur.<\/span><\/p><p style=\"text-align: justify;\"><span style=\"font-family: arial, helvetica, sans-serif; color: #000000;\"><strong>MADDE 10 \u2013 VADEL\u0130 F\u0130YAT:<\/strong><\/span><\/p><p style=\"text-align: justify;\"><span style=\"font-family: arial, helvetica, sans-serif; color: #000000;\">Mal\/hizmetin sat\u0131\u015f fiyat\u0131na yap\u0131lan vadeye g\u00f6re fiyat\u0131 sipari\u015f sonu mail at\u0131lan \u00f6rnek fatura ve \u00fcr\u00fcn ile birlikte m\u00fc\u015fteriye g\u00f6nderilen fatura i\u00e7eri\u011finde mevcuttur.<\/span><\/p><p style=\"text-align: justify;\"><span style=\"font-family: arial, helvetica, sans-serif; color: #000000;\"><strong>MADDE 11 \u2013 FA\u0130Z:<\/strong><\/span><\/p><p style=\"text-align: justify;\"><span style=\"font-family: arial, helvetica, sans-serif; color: #000000;\">Her y\u0131l T\u00fcrkiye Cumhuriyeti H\u00fck\u00fcmetinin belirledi\u011fi faiz oran\u0131ndan ve her halde 0\u2019dan fazla olamaz. Al\u0131c\u0131 \u00e7al\u0131\u015ft\u0131\u011f\u0131 bankaya kar\u015f\u0131 sorumludur.<\/span><\/p><p style=\"text-align: justify;\"><span style=\"font-family: arial, helvetica, sans-serif; color: #000000;\"><strong>MADDE 12 \u2013 PE\u015e\u0130NAT TUTARI:<\/strong><\/span><\/p><p style=\"text-align: justify;\"><span style=\"font-family: arial, helvetica, sans-serif; color: #000000;\">Mal\/hizmetin pe\u015finat tutar\u0131 sipari\u015f sonu mail at\u0131lan \u00f6rnek fatura ve \u00fcr\u00fcn ile birlikte m\u00fc\u015fteriye g\u00f6nderilen fatura i\u00e7eri\u011finde mevcuttur.<\/span><\/p><p style=\"text-align: justify;\"><span style=\"font-family: arial, helvetica, sans-serif; color: #000000;\"><strong>MADDE 13 \u2013 \u00d6DEME PLANI:<\/strong><\/span><\/p><p style=\"text-align: justify;\"><span style=\"font-family: arial, helvetica, sans-serif; color: #000000;\">Al\u0131c\u0131n\u0131n, kredi kart\u0131 ile ve taksitle al\u0131\u015fveri\u015f yapmas\u0131 durumunda siteden se\u00e7mi\u015f oldu\u011fu taksit bi\u00e7imi ge\u00e7erlidir. Taksitlendirme i\u015flemlerinde, al\u0131c\u0131 ile kart sahibi banka aras\u0131nda imzalam\u0131\u015f bulunan s\u00f6zle\u015fmenin ilgili h\u00fck\u00fcmleri ge\u00e7erlidir. Kredi kart\u0131 \u00f6deme tarihi banka ile al\u0131c\u0131 aras\u0131ndaki s\u00f6zle\u015fme h\u00fck\u00fcmlerince belirlenir. Al\u0131c\u0131, ayr\u0131ca bankan\u0131n g\u00f6nderdi\u011fi hesap \u00f6zetinden taksit say\u0131s\u0131n\u0131 ve \u00f6demelerini takip edebilir.<\/span><\/p><p style=\"text-align: justify;\"><span style=\"font-family: arial, helvetica, sans-serif; color: #000000;\"><strong>MADDE 14 \u2013 CAYMA HAKKI:<\/strong><\/span><\/p><p style=\"text-align: justify;\"><span style=\"font-family: arial, helvetica, sans-serif; color: #000000;\">Al\u0131c\u0131, s\u00f6zle\u015fme konusu mal\/hizmetin kendisine veya g\u00f6sterdi\u011fi adresteki ki\u015fi\/kurulu\u015fa tesliminden itibaren 14\u00a0(ond\u00f6rt) g\u00fcn i\u00e7inde cayma hakk\u0131n\u0131 kullanabilir.<\/span><\/p><p style=\"text-align: justify;\"><span style=\"font-family: arial, helvetica, sans-serif; color: #000000;\">Cayma hakk\u0131n\u0131n kullan\u0131lmas\u0131 i\u00e7in ayn\u0131 s\u00fcre i\u00e7inde sat\u0131c\u0131n\u0131n m\u00fc\u015fteri hizmetlerine e-posta veya telefon ile bildirimde bulunulmas\u0131 ve mal\/hizmetin 15. madde h\u00fck\u00fcmleri \u00e7er\u00e7evesinde ve i\u015f bu s\u00f6zle\u015fmenin ayr\u0131lmaz par\u00e7as\u0131 olan ve http:\/\/www.pardanismanlik.com web sitesinde yay\u0131nlanm\u0131\u015f olan \u00f6nbilgiler gere\u011fince, kullan\u0131lmam\u0131\u015f olmas\u0131 \u015fartt\u0131r.<\/span><\/p><p style=\"text-align: justify;\"><span style=\"font-family: arial, helvetica, sans-serif; color: #000000;\">Bu hakk\u0131n kullan\u0131lmas\u0131 halinde, 3. ki\u015fiye veya al\u0131c\u0131ya teslim edilen mal\/hizmete ili\u015fkin fatura asl\u0131n\u0131n iadesi zorunludur.<\/span><\/p><p style=\"text-align: justify;\"><span style=\"font-family: arial, helvetica, sans-serif; color: #000000;\">Cayma hakk\u0131na ili\u015fkin ihbar\u0131n ula\u015fmas\u0131n\u0131 takip eden 14\u00a0g\u00fcn i\u00e7inde mal\/hizmet bedeli al\u0131c\u0131ya iade edilir ve 10 (on) g\u00fcnl\u00fck s\u00fcre i\u00e7inde mal\/hizmet iade al\u0131n\u0131r. Fatura asl\u0131 g\u00f6nderilmezse al\u0131c\u0131ya KDV ve varsa di\u011fer yasal y\u00fck\u00fcml\u00fcl\u00fckler iade edilemez. Cayma hakk\u0131 nedeni ile iade edilen mal\/hizmetin teslimat bedeli sat\u0131c\u0131 taraf\u0131ndan kar\u015f\u0131lan\u0131r.<\/span><\/p><p style=\"text-align: justify;\"><span style=\"font-family: arial, helvetica, sans-serif; color: #000000;\"><strong>MADDE 15 \u2013 CAYMA HAKKI KULLANILAMAYACAK MAL\/H\u0130ZMETLER:<\/strong><\/span><\/p><p style=\"text-align: justify;\"><span style=\"font-family: arial, helvetica, sans-serif; color: #000000;\"><strong>15.1<\/strong>. Fiyat\u0131 finansal piyasalardaki dalgalanmalara ba\u011fl\u0131 olarak de\u011fi\u015fen ve sat\u0131c\u0131 veya sa\u011flay\u0131c\u0131n\u0131n kontrol\u00fcnde olmayan mal veya hizmetler<\/span><\/p><p style=\"text-align: justify;\"><span style=\"font-family: arial, helvetica, sans-serif; color: #000000;\"><strong>15.2<\/strong>. T\u00fcketicinin istekleri veya ki\u015fisel ihtiya\u00e7lar\u0131 do\u011frultusunda haz\u0131rlanan mallar<\/span><\/p><p style=\"text-align: justify;\"><span style=\"font-family: arial, helvetica, sans-serif; color: #000000;\"><strong>15.3.<\/strong>\u00a0\u00c7abuk bozulabilen veya son kullanma tarihi ge\u00e7ebilecek mallar<\/span><\/p><p style=\"text-align: justify;\"><span style=\"font-family: arial, helvetica, sans-serif; color: #000000;\"><strong>15.4.<\/strong>\u00a0Tesliminden sonra ambalaj, bant, m\u00fch\u00fcr, paket gibi koruyucu unsurlar\u0131 a\u00e7\u0131lm\u0131\u015f olan mallardan; iadesi sa\u011fl\u0131k ve hijyen a\u00e7\u0131s\u0131ndan uygun olmayanlar<\/span><\/p><p style=\"text-align: justify;\"><span style=\"font-family: arial, helvetica, sans-serif; color: #000000;\"><strong>15.5.<\/strong>\u00a0Tesliminden sonra ba\u015fka \u00fcr\u00fcnlerle kar\u0131\u015fan ve do\u011fas\u0131 gere\u011fi ayr\u0131\u015ft\u0131r\u0131lmas\u0131 m\u00fcmk\u00fcn olmayan mallar<\/span><\/p><p style=\"text-align: justify;\"><span style=\"font-family: arial, helvetica, sans-serif; color: #000000;\"><strong>15.6.<\/strong>\u00a0Mal\u0131n tesliminden sonra ambalaj, bant, m\u00fch\u00fcr, paket gibi koruyucu unsurlar\u0131 a\u00e7\u0131lm\u0131\u015f olmas\u0131 halinde maddi ortamda sunulan kitap, dijital i\u00e7erik ve bilgisayar sarf malzemeleri<\/span><\/p><p style=\"text-align: justify;\"><span style=\"font-family: arial, helvetica, sans-serif; color: #000000;\"><strong>15.7.<\/strong>\u00a0Abonelik s\u00f6zle\u015fmesi kapsam\u0131nda sa\u011flananlar d\u0131\u015f\u0131nda, gazete ve dergi gibi s\u00fcreli yay\u0131nlar\u0131n teslimine ili\u015fkin hizmetler<\/span><\/p><p style=\"text-align: justify;\"><span style=\"font-family: arial, helvetica, sans-serif; color: #000000;\"><strong>15.8.<\/strong>\u00a0Belirli bir tarihte veya d\u00f6nemde yap\u0131lmas\u0131 gereken, konaklama, e\u015fya ta\u015f\u0131ma, araba kiralama, yiyecek-i\u00e7ecek tedariki ve e\u011flence veya dinlenme amac\u0131yla yap\u0131lan bo\u015f zaman\u0131n de\u011ferlendirilmesine ili\u015fkin hizmetler<\/span><\/p><p style=\"text-align: justify;\"><span style=\"font-family: arial, helvetica, sans-serif; color: #000000;\"><strong>15.9.<\/strong>\u00a0Elektronik ortamda an\u0131nda ifa edilen hizmetler veya t\u00fcketiciye an\u0131nda teslim edilen gayrimaddi mallar<\/span><\/p><p style=\"text-align: justify;\"><span style=\"font-family: arial, helvetica, sans-serif; color: #000000;\"><strong>15.10.<\/strong>\u00a0Cayma hakk\u0131 s\u00fcresi sona ermeden \u00f6nce, t\u00fcketicinin onay\u0131 ile ifas\u0131na ba\u015flanan hizmetler<\/span><br \/><span style=\"font-family: arial, helvetica, sans-serif; color: #000000;\">\u00a0<\/span><\/p><p style=\"text-align: justify;\"><span style=\"font-family: arial, helvetica, sans-serif; color: #000000;\"><strong>MADDE 16 \u2013 TEMERR\u00dcD HAL\u0130 VE HUKUK\u0130 SONU\u00c7LARI:<\/strong><\/span><\/p><p style=\"text-align: justify;\"><span style=\"font-family: arial, helvetica, sans-serif; color: #000000;\">Al\u0131c\u0131, kredi kart\u0131 ile yapm\u0131\u015f oldu\u011fu i\u015flemlerinde temerr\u00fcde d\u00fc\u015fmesi halinde kart sahibi bankan\u0131n kendisi ile yapm\u0131\u015f oldu\u011fu kredi kart\u0131 s\u00f6zle\u015fmesi \u00e7er\u00e7evesinde faiz \u00f6deyecek ve bankaya kar\u015f\u0131 sorumlu olacakt\u0131r. Bu durumda ilgili banka hukuki yollara ba\u015fvurabilir; do\u011facak masraflar\u0131 ve vekalet \u00fccretini al\u0131c\u0131dan talep edebilir ve her ko\u015fulda al\u0131c\u0131n\u0131n borcundan dolay\u0131 temerr\u00fcde d\u00fc\u015fmesi halinde, al\u0131c\u0131, borcun gecikmeli ifas\u0131ndan dolay\u0131 sat\u0131c\u0131n\u0131n olu\u015fan zarar ve ziyan\u0131n\u0131 \u00f6demeyi kabul eder.<\/span><\/p><p style=\"text-align: justify;\"><span style=\"font-family: arial, helvetica, sans-serif; color: #000000;\"><strong>MADDE 17 \u2013 G\u00d6REVL\u0130 VE\u00a0 YETK\u0130L\u0130 MAHKEME:<\/strong><\/span><\/p><p style=\"text-align: justify;\"><span style=\"font-family: arial, helvetica, sans-serif; color: #000000;\">\u0130\u015f bu s\u00f6zle\u015fmeden kaynaklanabilecek ihtilaflarda \u0130stanbul Mahkemeleri, \u0130cra M\u00fcd\u00fcrl\u00fckleri ve hakem heyetleri yetkilidir. Ayr\u0131ca Sanayi ve Ticaret Bakanl\u0131\u011f\u0131nca ilan edilen de\u011fere kadar T\u00fcketici Hakem Heyetleri, belirtilen de\u011fer \u00fcst\u00fcne T\u00fcketici Mahkemeleri; bulunamayan yerlerde Asliye Hukuk Mahkemeleri g\u00f6revlidir.<\/span><\/p>\t\t\t\t\t<\/div>\n\t\t\t\t\t\t<\/div>\n\t\t\t\t<\/div>\n\t\t\t\t\t\t<\/div>\n\t\t\t\t\t<\/div>\n\t\t<\/div>\n\t\t\t\t\t\t\t\t<\/div>\n\t\t\t\t\t<\/div>\n\t\t<\/section>\n\t\t\t\t\t\t<\/div>\n\t\t\t\t\t\t<\/div>\n\t\t\t\t\t<\/div>\n\t\t","protected":false},"excerpt":{"rendered":"<p>MESAFEL\u0130 SATI\u015e S\u00d6ZLE\u015eMES\u0130 MADDE 1 \u2013\u00a0 S\u00d6ZLE\u015eMEN\u0130N TARAFLARI Sat\u0131c\u0131:\u00a0Par Brothers Sa\u011fl\u0131k Turizm ve Dan\u0131\u015fmanl\u0131k Ltd.\u015eti.Adresi: Fulya Mahallesi B\u00fcy\u00fckdere Caddesi Torun Center D Blok No:74 D \u0130\u00e7 Kap\u0131 10 \u015ei\u015fli -\u0130STANBUL Email :\u00a0info@pardanismanlik.com Al\u0131c\u0131:\u00a0M\u00fc\u015fteri MADDE 2 \u2013 S\u00d6ZLE\u015eMEN\u0130N KONUSU: \u0130\u015f bu s\u00f6zle\u015fmenin konusu, Al\u0131c\u0131n\u0131n Sat\u0131c\u0131ya ait http:\/\/www.pardanismanlik.com web sitesinden elektronik ortamda sipari\u015f verdi\u011fi, s\u00f6zle\u015fmede bahsi ge\u00e7en [&hellip;]<\/p>\n","protected":false},"author":1,"featured_media":0,"parent":0,"menu_order":0,"comment_status":"closed","ping_status":"closed","template":"","meta":[],"aioseo_notices":[],"_links":{"self":[{"href":"https:\/\/parsaglik.com\/en\/wp-json\/wp\/v2\/pages\/3273"}],"collection":[{"href":"https:\/\/parsaglik.com\/en\/wp-json\/wp\/v2\/pages"}],"about":[{"href":"https:\/\/parsaglik.com\/en\/wp-json\/wp\/v2\/types\/page"}],"author":[{"embeddable":true,"href":"https:\/\/parsaglik.com\/en\/wp-json\/wp\/v2\/users\/1"}],"replies":[{"embeddable":true,"href":"https:\/\/parsaglik.com\/en\/wp-json\/wp\/v2\/comments?post=3273"}],"version-history":[{"count":0,"href":"https:\/\/parsaglik.com\/en\/wp-json\/wp\/v2\/pages\/3273\/revisions"}],"wp:attachment":[{"href":"https:\/\/parsaglik.com\/en\/wp-json\/wp\/v2\/media?parent=3273"}],"curies":[{"name":"wp","href":"https:\/\/api.w.org\/{rel}","templated":true}]}}