{"id":9779,"date":"2023-10-17T21:01:33","date_gmt":"2023-10-17T18:01:33","guid":{"rendered":"https:\/\/parsaglik.com\/?page_id=9779"},"modified":"2024-04-16T19:13:35","modified_gmt":"2024-04-16T16:13:35","slug":"medizinische-ausbildung","status":"publish","type":"page","link":"https:\/\/parsaglik.com\/de\/medizinische-ausbildung\/","title":{"rendered":"Medizinische Ausbildung"},"content":{"rendered":"\t\t<div data-elementor-type=\"wp-page\" data-elementor-id=\"9779\" class=\"elementor elementor-9779 elementor-6877\" data-elementor-settings=\"[]\">\n\t\t\t\t\t\t<div class=\"elementor-inner\">\n\t\t\t\t\t\t\t<div class=\"elementor-section-wrap\">\n\t\t\t\t\t\t\t<section class=\"elementor-section elementor-top-section elementor-element elementor-element-357cfe7 elementor-section-boxed elementor-section-height-default elementor-section-height-default\" data-id=\"357cfe7\" data-element_type=\"section\">\n\t\t\t\t\t\t<div class=\"elementor-container elementor-column-gap-default\">\n\t\t\t\t\t\t\t<div class=\"elementor-row\">\n\t\t\t\t\t<div class=\"elementor-column elementor-col-100 elementor-top-column elementor-element elementor-element-a9ec7e7\" data-id=\"a9ec7e7\" data-element_type=\"column\">\n\t\t\t<div class=\"elementor-column-wrap elementor-element-populated\">\n\t\t\t\t\t\t\t<div class=\"elementor-widget-wrap\">\n\t\t\t\t\t\t<div class=\"elementor-element elementor-element-c2e5b03 elementor-widget elementor-widget-heading\" data-id=\"c2e5b03\" data-element_type=\"widget\" data-widget_type=\"heading.default\">\n\t\t\t\t<div class=\"elementor-widget-container\">\n\t\t\t<h2 class=\"elementor-heading-title elementor-size-default\">Medizinische Ausbildung\n<\/h2>\t\t<\/div>\n\t\t\t\t<\/div>\n\t\t\t\t<div class=\"elementor-element elementor-element-18b6db3 elementor-widget elementor-widget-text-editor\" data-id=\"18b6db3\" data-element_type=\"widget\" data-widget_type=\"text-editor.default\">\n\t\t\t\t<div class=\"elementor-widget-container\">\n\t\t\t\t\t\t\t\t<div class=\"elementor-text-editor elementor-clearfix\">\n\t\t\t\t<p>Als Par Brothers vermitteln wir Ausbildungen mit unserer langj\u00e4hrigen Erfahrung im Gesundheitsbereich. Die von den zugelassenen Krankenh\u00e4usern und \u00c4rzten, mit denen wir eine Vereinbarung getroffen haben, angebotenen Schulungen werden den Teilnehmern auf der Grundlage der aktuellsten Informationen des Sektors vorgestellt.<\/p>\t\t\t\t\t<\/div>\n\t\t\t\t\t\t<\/div>\n\t\t\t\t<\/div>\n\t\t\t\t<div class=\"elementor-element elementor-element-6ceea3e elementor-grid-3 elementor-grid-tablet-2 elementor-grid-mobile-1 elementor-posts--thumbnail-top elementor-card-shadow-yes elementor-posts__hover-gradient elementor-widget elementor-widget-posts\" data-id=\"6ceea3e\" data-element_type=\"widget\" data-settings=\"{&quot;pagination_type&quot;:&quot;numbers_and_prev_next&quot;,&quot;cards_columns&quot;:&quot;3&quot;,&quot;cards_columns_tablet&quot;:&quot;2&quot;,&quot;cards_columns_mobile&quot;:&quot;1&quot;,&quot;cards_row_gap&quot;:{&quot;unit&quot;:&quot;px&quot;,&quot;size&quot;:35,&quot;sizes&quot;:[]},&quot;cards_row_gap_tablet&quot;:{&quot;unit&quot;:&quot;px&quot;,&quot;size&quot;:&quot;&quot;,&quot;sizes&quot;:[]},&quot;cards_row_gap_mobile&quot;:{&quot;unit&quot;:&quot;px&quot;,&quot;size&quot;:&quot;&quot;,&quot;sizes&quot;:[]}}\" data-widget_type=\"posts.cards\">\n\t\t\t\t<div class=\"elementor-widget-container\">\n\t\t\t\t\t<div class=\"elementor-posts-container elementor-posts elementor-posts--skin-cards elementor-grid\">\n\t\t\t\t<article class=\"elementor-post elementor-grid-item post-9666 post type-post status-publish format-standard has-post-thumbnail hentry category-innerstaatliche-schulungen category-medizinische-ausbildung\">\n\t\t\t<div class=\"elementor-post__card\">\n\t\t\t\t<a class=\"elementor-post__thumbnail__link\" href=\"https:\/\/parsaglik.com\/de\/ausbildungsprogramm-3d-4d-ultraschall-in-der-geburtshilfe\/\" ><div class=\"elementor-post__thumbnail\"><img width=\"300\" height=\"225\" src=\"https:\/\/parsaglik.com\/wp-content\/uploads\/2022\/11\/3dcover-300x225.webp\" class=\"attachment-medium size-medium\" alt=\"\" decoding=\"async\" loading=\"lazy\" srcset=\"https:\/\/parsaglik.com\/wp-content\/uploads\/2022\/11\/3dcover-300x225.webp 300w, https:\/\/parsaglik.com\/wp-content\/uploads\/2022\/11\/3dcover-180x135.webp 180w, https:\/\/parsaglik.com\/wp-content\/uploads\/2022\/11\/3dcover.webp 591w\" sizes=\"(max-width: 300px) 100vw, 300px\" \/><\/div><\/a>\n\t\t\t\t<div class=\"elementor-post__text\">\n\t\t\t\t<h3 class=\"elementor-post__title\">\n\t\t\t<a href=\"https:\/\/parsaglik.com\/de\/ausbildungsprogramm-3d-4d-ultraschall-in-der-geburtshilfe\/\" >\n\t\t\t\tAusbildungsprogramm 3D\/4D-Ultraschall in der Geburtshilfe\t\t\t<\/a>\n\t\t<\/h3>\n\t\t\t\t<\/div>\n\t\t\t\t<div class=\"elementor-post__meta-data\">\n\t\t\t\t\t<span class=\"elementor-post-author\">\n\t\t\tPar Sa\u011fl\u0131k Dan\u0131\u015fmanl\u0131k\t\t<\/span>\n\t\t\t\t<\/div>\n\t\t\t\t\t<\/div>\n\t\t<\/article>\n\t\t\t\t<article class=\"elementor-post elementor-grid-item post-9664 post type-post status-publish format-standard has-post-thumbnail hentry category-innerstaatliche-schulungen category-medizinische-ausbildung\">\n\t\t\t<div class=\"elementor-post__card\">\n\t\t\t\t<a class=\"elementor-post__thumbnail__link\" href=\"https:\/\/parsaglik.com\/de\/ausbildungsprogramm-fuer-abdominale-ultraschalluntersuchungen\/\" ><div class=\"elementor-post__thumbnail\"><img width=\"300\" height=\"225\" src=\"https:\/\/parsaglik.com\/wp-content\/uploads\/2022\/11\/karinultrason-300x225.webp\" class=\"attachment-medium size-medium\" alt=\"\" decoding=\"async\" loading=\"lazy\" srcset=\"https:\/\/parsaglik.com\/wp-content\/uploads\/2022\/11\/karinultrason-300x225.webp 300w, https:\/\/parsaglik.com\/wp-content\/uploads\/2022\/11\/karinultrason-180x135.webp 180w, https:\/\/parsaglik.com\/wp-content\/uploads\/2022\/11\/karinultrason.webp 591w\" sizes=\"(max-width: 300px) 100vw, 300px\" \/><\/div><\/a>\n\t\t\t\t<div class=\"elementor-post__text\">\n\t\t\t\t<h3 class=\"elementor-post__title\">\n\t\t\t<a href=\"https:\/\/parsaglik.com\/de\/ausbildungsprogramm-fuer-abdominale-ultraschalluntersuchungen\/\" >\n\t\t\t\tAusbildungsprogramm f\u00fcr abdominale Ultraschalluntersuchungen\t\t\t<\/a>\n\t\t<\/h3>\n\t\t\t\t<\/div>\n\t\t\t\t<div class=\"elementor-post__meta-data\">\n\t\t\t\t\t<span class=\"elementor-post-author\">\n\t\t\tPar Sa\u011fl\u0131k Dan\u0131\u015fmanl\u0131k\t\t<\/span>\n\t\t\t\t<\/div>\n\t\t\t\t\t<\/div>\n\t\t<\/article>\n\t\t\t\t<article class=\"elementor-post elementor-grid-item post-9656 post type-post status-publish format-standard has-post-thumbnail hentry category-innerstaatliche-schulungen category-medizinische-ausbildung\">\n\t\t\t<div class=\"elementor-post__card\">\n\t\t\t\t<a class=\"elementor-post__thumbnail__link\" href=\"https:\/\/parsaglik.com\/de\/ausbildungsprogramm-echokardiographie\/\" ><div class=\"elementor-post__thumbnail\"><img width=\"300\" height=\"200\" src=\"https:\/\/parsaglik.com\/wp-content\/uploads\/2020\/09\/ekokardiyografi-3-300x200.jpeg\" class=\"attachment-medium size-medium\" alt=\"\" decoding=\"async\" loading=\"lazy\" srcset=\"https:\/\/parsaglik.com\/wp-content\/uploads\/2020\/09\/ekokardiyografi-3-300x200.jpeg 300w, https:\/\/parsaglik.com\/wp-content\/uploads\/2020\/09\/ekokardiyografi-3-768x512.jpeg 768w, https:\/\/parsaglik.com\/wp-content\/uploads\/2020\/09\/ekokardiyografi-3-180x120.jpeg 180w, https:\/\/parsaglik.com\/wp-content\/uploads\/2020\/09\/ekokardiyografi-3.jpeg 960w\" sizes=\"(max-width: 300px) 100vw, 300px\" \/><\/div><\/a>\n\t\t\t\t<div class=\"elementor-post__text\">\n\t\t\t\t<h3 class=\"elementor-post__title\">\n\t\t\t<a href=\"https:\/\/parsaglik.com\/de\/ausbildungsprogramm-echokardiographie\/\" >\n\t\t\t\tAusbildungsprogramm Echokardiographie\t\t\t<\/a>\n\t\t<\/h3>\n\t\t\t\t<\/div>\n\t\t\t\t<div class=\"elementor-post__meta-data\">\n\t\t\t\t\t<span class=\"elementor-post-author\">\n\t\t\tPar Sa\u011fl\u0131k Dan\u0131\u015fmanl\u0131k\t\t<\/span>\n\t\t\t\t<\/div>\n\t\t\t\t\t<\/div>\n\t\t<\/article>\n\t\t\t\t<article class=\"elementor-post elementor-grid-item post-9653 post type-post status-publish format-standard has-post-thumbnail hentry category-innerstaatliche-schulungen category-medizinische-ausbildung\">\n\t\t\t<div class=\"elementor-post__card\">\n\t\t\t\t<a class=\"elementor-post__thumbnail__link\" href=\"https:\/\/parsaglik.com\/de\/ivf-kurs-schulungsprogramm\/\" ><div class=\"elementor-post__thumbnail\"><img width=\"300\" height=\"225\" src=\"https:\/\/parsaglik.com\/wp-content\/uploads\/2022\/11\/ivfcover-300x225.webp\" class=\"attachment-medium size-medium\" alt=\"\" decoding=\"async\" loading=\"lazy\" srcset=\"https:\/\/parsaglik.com\/wp-content\/uploads\/2022\/11\/ivfcover-300x225.webp 300w, https:\/\/parsaglik.com\/wp-content\/uploads\/2022\/11\/ivfcover-180x135.webp 180w, https:\/\/parsaglik.com\/wp-content\/uploads\/2022\/11\/ivfcover.webp 591w\" sizes=\"(max-width: 300px) 100vw, 300px\" \/><\/div><\/a>\n\t\t\t\t<div class=\"elementor-post__text\">\n\t\t\t\t<h3 class=\"elementor-post__title\">\n\t\t\t<a href=\"https:\/\/parsaglik.com\/de\/ivf-kurs-schulungsprogramm\/\" >\n\t\t\t\tIVF-Kurs Schulungsprogramm\t\t\t<\/a>\n\t\t<\/h3>\n\t\t\t\t<\/div>\n\t\t\t\t<div class=\"elementor-post__meta-data\">\n\t\t\t\t\t<span class=\"elementor-post-author\">\n\t\t\tPar Sa\u011fl\u0131k Dan\u0131\u015fmanl\u0131k\t\t<\/span>\n\t\t\t\t<\/div>\n\t\t\t\t\t<\/div>\n\t\t<\/article>\n\t\t\t\t<article class=\"elementor-post elementor-grid-item post-9648 post type-post status-publish format-standard has-post-thumbnail hentry category-innerstaatliche-schulungen category-medizinische-ausbildung\">\n\t\t\t<div class=\"elementor-post__card\">\n\t\t\t\t<a class=\"elementor-post__thumbnail__link\" href=\"https:\/\/parsaglik.com\/de\/ausbildungsprogramm-fuer-kardiologiekurse\/\" ><div class=\"elementor-post__thumbnail\"><img width=\"300\" height=\"225\" src=\"https:\/\/parsaglik.com\/wp-content\/uploads\/2021\/02\/kardiyolojifoto22-300x225.png\" class=\"attachment-medium size-medium\" alt=\"\" decoding=\"async\" loading=\"lazy\" srcset=\"https:\/\/parsaglik.com\/wp-content\/uploads\/2021\/02\/kardiyolojifoto22-300x225.png 300w, https:\/\/parsaglik.com\/wp-content\/uploads\/2021\/02\/kardiyolojifoto22-768x576.png 768w, https:\/\/parsaglik.com\/wp-content\/uploads\/2021\/02\/kardiyolojifoto22-180x135.png 180w, https:\/\/parsaglik.com\/wp-content\/uploads\/2021\/02\/kardiyolojifoto22.png 800w\" sizes=\"(max-width: 300px) 100vw, 300px\" \/><\/div><\/a>\n\t\t\t\t<div class=\"elementor-post__text\">\n\t\t\t\t<h3 class=\"elementor-post__title\">\n\t\t\t<a href=\"https:\/\/parsaglik.com\/de\/ausbildungsprogramm-fuer-kardiologiekurse\/\" >\n\t\t\t\tAusbildungsprogramm f\u00fcr Kardiologiekurse\t\t\t<\/a>\n\t\t<\/h3>\n\t\t\t\t<\/div>\n\t\t\t\t<div class=\"elementor-post__meta-data\">\n\t\t\t\t\t<span class=\"elementor-post-author\">\n\t\t\tPar Sa\u011fl\u0131k Dan\u0131\u015fmanl\u0131k\t\t<\/span>\n\t\t\t\t<\/div>\n\t\t\t\t\t<\/div>\n\t\t<\/article>\n\t\t\t\t<article class=\"elementor-post elementor-grid-item post-9645 post type-post status-publish format-standard has-post-thumbnail hentry category-innerstaatliche-schulungen category-medizinische-ausbildung\">\n\t\t\t<div class=\"elementor-post__card\">\n\t\t\t\t<a class=\"elementor-post__thumbnail__link\" href=\"https:\/\/parsaglik.com\/de\/ausbildungsprogramm-fuer-nierentransplantation\/\" ><div class=\"elementor-post__thumbnail\"><img width=\"300\" height=\"225\" src=\"https:\/\/parsaglik.com\/wp-content\/uploads\/2022\/11\/renalcover-300x225.webp\" class=\"attachment-medium size-medium\" alt=\"\" decoding=\"async\" loading=\"lazy\" srcset=\"https:\/\/parsaglik.com\/wp-content\/uploads\/2022\/11\/renalcover-300x225.webp 300w, https:\/\/parsaglik.com\/wp-content\/uploads\/2022\/11\/renalcover-180x135.webp 180w, https:\/\/parsaglik.com\/wp-content\/uploads\/2022\/11\/renalcover.webp 591w\" sizes=\"(max-width: 300px) 100vw, 300px\" \/><\/div><\/a>\n\t\t\t\t<div class=\"elementor-post__text\">\n\t\t\t\t<h3 class=\"elementor-post__title\">\n\t\t\t<a href=\"https:\/\/parsaglik.com\/de\/ausbildungsprogramm-fuer-nierentransplantation\/\" >\n\t\t\t\tAusbildungsprogramm f\u00fcr Nierentransplantation\t\t\t<\/a>\n\t\t<\/h3>\n\t\t\t\t<\/div>\n\t\t\t\t<div class=\"elementor-post__meta-data\">\n\t\t\t\t\t<span class=\"elementor-post-author\">\n\t\t\tPar Sa\u011fl\u0131k Dan\u0131\u015fmanl\u0131k\t\t<\/span>\n\t\t\t\t<\/div>\n\t\t\t\t\t<\/div>\n\t\t<\/article>\n\t\t\t\t<article class=\"elementor-post elementor-grid-item post-9633 post type-post status-publish format-standard has-post-thumbnail hentry category-innerstaatliche-schulungen category-medizinische-ausbildung\">\n\t\t\t<div class=\"elementor-post__card\">\n\t\t\t\t<a class=\"elementor-post__thumbnail__link\" href=\"https:\/\/parsaglik.com\/de\/ausbildungsprogramm-fuer-ultraschall-in-der-gynaekologie-und-geburtshilfe\/\" ><div class=\"elementor-post__thumbnail\"><img width=\"300\" height=\"225\" src=\"https:\/\/parsaglik.com\/wp-content\/uploads\/2022\/11\/gyneultrason-300x225.webp\" class=\"attachment-medium size-medium\" alt=\"\" decoding=\"async\" loading=\"lazy\" srcset=\"https:\/\/parsaglik.com\/wp-content\/uploads\/2022\/11\/gyneultrason-300x225.webp 300w, https:\/\/parsaglik.com\/wp-content\/uploads\/2022\/11\/gyneultrason-180x135.webp 180w, https:\/\/parsaglik.com\/wp-content\/uploads\/2022\/11\/gyneultrason.webp 591w\" sizes=\"(max-width: 300px) 100vw, 300px\" \/><\/div><\/a>\n\t\t\t\t<div class=\"elementor-post__text\">\n\t\t\t\t<h3 class=\"elementor-post__title\">\n\t\t\t<a href=\"https:\/\/parsaglik.com\/de\/ausbildungsprogramm-fuer-ultraschall-in-der-gynaekologie-und-geburtshilfe\/\" >\n\t\t\t\tAusbildungsprogramm f\u00fcr Ultraschall in der Gyn\u00e4kologie und Geburtshilfe\t\t\t<\/a>\n\t\t<\/h3>\n\t\t\t\t<\/div>\n\t\t\t\t<div class=\"elementor-post__meta-data\">\n\t\t\t\t\t<span class=\"elementor-post-author\">\n\t\t\tPar Sa\u011fl\u0131k Dan\u0131\u015fmanl\u0131k\t\t<\/span>\n\t\t\t\t<\/div>\n\t\t\t\t\t<\/div>\n\t\t<\/article>\n\t\t\t\t<\/div>\n\n\n\t\t\n\t\t\t\t<\/div>\n\t\t\t\t<\/div>\n\t\t\t\t\t\t<\/div>\n\t\t\t\t\t<\/div>\n\t\t<\/div>\n\t\t\t\t\t\t\t\t<\/div>\n\t\t\t\t\t<\/div>\n\t\t<\/section>\n\t\t\t\t\t\t<\/div>\n\t\t\t\t\t\t<\/div>\n\t\t\t\t\t<\/div>\n\t\t","protected":false},"excerpt":{"rendered":"<p>Medizinische Ausbildung Als Par Brothers vermitteln wir Ausbildungen mit unserer langj\u00e4hrigen Erfahrung im Gesundheitsbereich. Die von den zugelassenen Krankenh\u00e4usern und<\/p>\n","protected":false},"author":1,"featured_media":0,"parent":0,"menu_order":0,"comment_status":"closed","ping_status":"closed","template":"","meta":[],"aioseo_notices":[],"_links":{"self":[{"href":"https:\/\/parsaglik.com\/de\/wp-json\/wp\/v2\/pages\/9779"}],"collection":[{"href":"https:\/\/parsaglik.com\/de\/wp-json\/wp\/v2\/pages"}],"about":[{"href":"https:\/\/parsaglik.com\/de\/wp-json\/wp\/v2\/types\/page"}],"author":[{"embeddable":true,"href":"https:\/\/parsaglik.com\/de\/wp-json\/wp\/v2\/users\/1"}],"replies":[{"embeddable":true,"href":"https:\/\/parsaglik.com\/de\/wp-json\/wp\/v2\/comments?post=9779"}],"version-history":[{"count":7,"href":"https:\/\/parsaglik.com\/de\/wp-json\/wp\/v2\/pages\/9779\/revisions"}],"predecessor-version":[{"id":10400,"href":"https:\/\/parsaglik.com\/de\/wp-json\/wp\/v2\/pages\/9779\/revisions\/10400"}],"wp:attachment":[{"href":"https:\/\/parsaglik.com\/de\/wp-json\/wp\/v2\/media?parent=9779"}],"curies":[{"name":"wp","href":"https:\/\/api.w.org\/{rel}","templated":true}]}}