{"id":9765,"date":"2023-10-17T20:36:26","date_gmt":"2023-10-17T17:36:26","guid":{"rendered":"https:\/\/parsaglik.com\/?page_id=9765"},"modified":"2024-01-09T17:39:36","modified_gmt":"2024-01-09T14:39:36","slug":"kontakt","status":"publish","type":"page","link":"https:\/\/parsaglik.com\/de\/kontakt\/","title":{"rendered":"Kontakt"},"content":{"rendered":"\t\t<div data-elementor-type=\"wp-page\" data-elementor-id=\"9765\" class=\"elementor elementor-9765 elementor-1770\" data-elementor-settings=\"[]\">\n\t\t\t\t\t\t<div class=\"elementor-inner\">\n\t\t\t\t\t\t\t<div class=\"elementor-section-wrap\">\n\t\t\t\t\t\t\t<section class=\"elementor-section elementor-top-section elementor-element elementor-element-02ea13e elementor-section-stretched elementor-section-boxed elementor-section-height-default elementor-section-height-default\" data-id=\"02ea13e\" data-element_type=\"section\" data-settings=\"{&quot;stretch_section&quot;:&quot;section-stretched&quot;}\">\n\t\t\t\t\t\t<div class=\"elementor-container elementor-column-gap-extended\">\n\t\t\t\t\t\t\t<div class=\"elementor-row\">\n\t\t\t\t\t<div class=\"elementor-column elementor-col-50 elementor-top-column elementor-element elementor-element-e46694a\" data-id=\"e46694a\" data-element_type=\"column\">\n\t\t\t<div class=\"elementor-column-wrap elementor-element-populated\">\n\t\t\t\t\t\t\t<div class=\"elementor-widget-wrap\">\n\t\t\t\t\t\t<div class=\"elementor-element elementor-element-0c7c35b elementor-widget elementor-widget-html\" data-id=\"0c7c35b\" data-element_type=\"widget\" data-widget_type=\"html.default\">\n\t\t\t\t<div class=\"elementor-widget-container\">\n\t\t\t<iframe loading=\"lazy\" src=\"https:\/\/www.google.com\/maps\/embed?pb=!1m18!1m12!1m3!1d3008.085534903357!2d28.99321095101549!3d41.067122923648895!2m3!1f0!2f0!3f0!3m2!1i1024!2i768!4f13.1!3m3!1m2!1s0x14cab6febf93c1c7%3A0xadf7b8ae0d107095!2zUGFyIFNhxJ9sxLFrIERhbsSxxZ9tYW5sxLFrIEhpem1ldGxlcmkgLSBoZWtpbSBpxZ8gaWxhbmxhcsSxLCBkb2t0b3IgacWfIGlsYW5sYXLEsSwgaGVtxZ9pcmUgacWfIGlsYW5sYXLEsQ!5e0!3m2!1str!2str!4v1592046814133!5m2!1str!2str\" width=\"600\" height=\"450\" frameborder=\"0\" style=\"border:0;\" allowfullscreen=\"\" aria-hidden=\"false\" tabindex=\"0\"><\/iframe>  \t\t<\/div>\n\t\t\t\t<\/div>\n\t\t\t\t\t\t<\/div>\n\t\t\t\t\t<\/div>\n\t\t<\/div>\n\t\t\t\t<div class=\"elementor-column elementor-col-50 elementor-top-column elementor-element elementor-element-def011f\" data-id=\"def011f\" data-element_type=\"column\">\n\t\t\t<div class=\"elementor-column-wrap elementor-element-populated\">\n\t\t\t\t\t\t\t<div class=\"elementor-widget-wrap\">\n\t\t\t\t\t\t<div class=\"elementor-element elementor-element-f3e248a elementor-widget elementor-widget-heading\" data-id=\"f3e248a\" data-element_type=\"widget\" data-widget_type=\"heading.default\">\n\t\t\t\t<div class=\"elementor-widget-container\">\n\t\t\t<h1 class=\"elementor-heading-title elementor-size-default\">Kontakt Details<\/h1>\t\t<\/div>\n\t\t\t\t<\/div>\n\t\t\t\t<div class=\"elementor-element elementor-element-6cb4d16 elementor-widget elementor-widget-text-editor\" data-id=\"6cb4d16\" data-element_type=\"widget\" data-widget_type=\"text-editor.default\">\n\t\t\t\t<div class=\"elementor-widget-container\">\n\t\t\t\t\t\t\t\t<div class=\"elementor-text-editor elementor-clearfix\">\n\t\t\t\t<p><span style=\"color: #000000;\"><strong>Adresse:<\/strong> Fulya Mahallesi B\u00fcy\u00fckdere Caddesi Torun Center D Blok No:74 D \u0130\u00e7 Kap\u0131 10 \u015ei\u015fli -\u0130STANBUL<\/span><\/p><p><span style=\"color: #000000;\"><a style=\"color: #000000;\" href=\"tel:+902129161514\"><strong>Telefon\u00a0 \u00a0 \u00a0:<\/strong> +90 212 916 15 14<\/a><\/span><br \/><span style=\"color: #000000;\"><strong>Handy : <\/strong>\u200e\u200e<a href=\"tel:+905364233242\">+90 536 423 32 42<\/a><\/span><br \/><span style=\"color: #000000;\"><a style=\"color: #000000;\" href=\"mailto:info@parsaglik.com\"><strong>E- Mail\u00a0 \u00a0:<\/strong> info@parsaglik.com<\/a><\/span><\/p>\t\t\t\t\t<\/div>\n\t\t\t\t\t\t<\/div>\n\t\t\t\t<\/div>\n\t\t\t\t<div class=\"elementor-element elementor-element-dd44555 elementor-widget elementor-widget-apus_element_social_links\" data-id=\"dd44555\" data-element_type=\"widget\" data-widget_type=\"apus_element_social_links.default\">\n\t\t\t\t<div class=\"elementor-widget-container\">\n\t\t\t        <div class=\"widget-socials\">\r\n            \r\n                            <div class=\"socials  square\">\r\n                    <ul class=\"social list-inline\">\r\n                                                                                    <li>\r\n                                    <a href=\"https:\/\/twitter.com\/par_saglik\" >\r\n                                        <i class=\"ti-twitter-alt\"><\/i>\r\n                                    <\/a>\r\n                                <\/li>\r\n                                                                                                                <li>\r\n                                    <a href=\"https:\/\/instagram.com\/parsaglikk\" >\r\n                                        <i class=\"ti-instagram\"><\/i>\r\n                                    <\/a>\r\n                                <\/li>\r\n                                                                                                                <li>\r\n                                    <a href=\"https:\/\/linkedin.com\/in\/par-sa%C4%9Fl%C4%B1k-dan%C4%B1%C5%9Fmanl%C4%B1k-hizmetleri-5b6771150\/\" >\r\n                                        <i class=\"ti-linkedin\"><\/i>\r\n                                    <\/a>\r\n                                <\/li>\r\n                                                                        <\/ul>\r\n                <\/div>\r\n            \r\n                    <\/div> \r\n        \t\t<\/div>\n\t\t\t\t<\/div>\n\t\t\t\t\t\t<\/div>\n\t\t\t\t\t<\/div>\n\t\t<\/div>\n\t\t\t\t\t\t\t\t<\/div>\n\t\t\t\t\t<\/div>\n\t\t<\/section>\n\t\t\t\t<section class=\"elementor-section elementor-top-section elementor-element elementor-element-c16950e elementor-section-boxed elementor-section-height-default elementor-section-height-default\" data-id=\"c16950e\" data-element_type=\"section\">\n\t\t\t\t\t\t<div class=\"elementor-container elementor-column-gap-default\">\n\t\t\t\t\t\t\t<div class=\"elementor-row\">\n\t\t\t\t\t<div class=\"elementor-column elementor-col-100 elementor-top-column elementor-element elementor-element-2d9ccd4\" data-id=\"2d9ccd4\" data-element_type=\"column\">\n\t\t\t<div class=\"elementor-column-wrap elementor-element-populated\">\n\t\t\t\t\t\t\t<div class=\"elementor-widget-wrap\">\n\t\t\t\t\t\t<div class=\"elementor-element elementor-element-0beab52 elementor-widget elementor-widget-heading\" data-id=\"0beab52\" data-element_type=\"widget\" data-widget_type=\"heading.default\">\n\t\t\t\t<div class=\"elementor-widget-container\">\n\t\t\t<h2 class=\"elementor-heading-title elementor-size-default\">Kontakt-Formular<\/h2>\t\t<\/div>\n\t\t\t\t<\/div>\n\t\t\t\t<div class=\"elementor-element elementor-element-fc2d51f elementor-widget elementor-widget-shortcode\" data-id=\"fc2d51f\" data-element_type=\"widget\" data-widget_type=\"shortcode.default\">\n\t\t\t\t<div class=\"elementor-widget-container\">\n\t\t\t\t\t<div class=\"elementor-shortcode\">\n<div class=\"wpcf7 no-js\" id=\"wpcf7-f3996-o1\" lang=\"tr-TR\" dir=\"ltr\">\n<div class=\"screen-reader-response\"><p role=\"status\" aria-live=\"polite\" aria-atomic=\"true\"><\/p> <ul><\/ul><\/div>\n<form action=\"\/de\/wp-json\/wp\/v2\/pages\/9765#wpcf7-f3996-o1\" method=\"post\" class=\"wpcf7-form init\" aria-label=\"Contact form\" novalidate=\"novalidate\" data-status=\"init\">\n<div style=\"display: none;\">\n<input type=\"hidden\" name=\"_wpcf7\" value=\"3996\" \/>\n<input type=\"hidden\" name=\"_wpcf7_version\" value=\"5.8.1\" \/>\n<input type=\"hidden\" name=\"_wpcf7_locale\" value=\"tr_TR\" \/>\n<input type=\"hidden\" name=\"_wpcf7_unit_tag\" value=\"wpcf7-f3996-o1\" \/>\n<input type=\"hidden\" name=\"_wpcf7_container_post\" value=\"0\" \/>\n<input type=\"hidden\" name=\"_wpcf7_posted_data_hash\" value=\"\" \/>\n<\/div>\n<p><label> Ad\u0131n\u0131z*<br \/>\n<span class=\"wpcf7-form-control-wrap\" data-name=\"your-name\"><input size=\"40\" class=\"wpcf7-form-control wpcf7-text wpcf7-validates-as-required\" aria-required=\"true\" aria-invalid=\"false\" value=\"\" type=\"text\" name=\"your-name\" \/><\/span> <\/label>\n<\/p>\n<p><label> E-posta adresiniz*<br \/>\n<span class=\"wpcf7-form-control-wrap\" data-name=\"your-email\"><input size=\"40\" class=\"wpcf7-form-control wpcf7-email wpcf7-validates-as-required wpcf7-text wpcf7-validates-as-email\" aria-required=\"true\" aria-invalid=\"false\" value=\"\" type=\"email\" name=\"your-email\" \/><\/span> <\/label>\n<\/p>\n<p><label> Konu<br \/>\n<span class=\"wpcf7-form-control-wrap\" data-name=\"your-subject\"><input size=\"40\" class=\"wpcf7-form-control wpcf7-text\" aria-invalid=\"false\" value=\"\" type=\"text\" name=\"your-subject\" \/><\/span> <\/label>\n<\/p>\n<p><label> \u0130letiniz<br \/>\n<span class=\"wpcf7-form-control-wrap\" data-name=\"your-message\"><textarea cols=\"40\" rows=\"10\" class=\"wpcf7-form-control wpcf7-textarea\" aria-invalid=\"false\" name=\"your-message\"><\/textarea><\/span> <\/label>\n<\/p>\n<p><input class=\"wpcf7-form-control wpcf7-submit has-spinner\" type=\"submit\" value=\"G\u00f6nder\" \/>\n<\/p><div class=\"wpcf7-response-output\" aria-hidden=\"true\"><\/div>\n<\/form>\n<\/div>\n<\/div>\n\t\t\t\t<\/div>\n\t\t\t\t<\/div>\n\t\t\t\t\t\t<\/div>\n\t\t\t\t\t<\/div>\n\t\t<\/div>\n\t\t\t\t\t\t\t\t<\/div>\n\t\t\t\t\t<\/div>\n\t\t<\/section>\n\t\t\t\t\t\t<\/div>\n\t\t\t\t\t\t<\/div>\n\t\t\t\t\t<\/div>\n\t\t","protected":false},"excerpt":{"rendered":"<p>Kontakt Details Adresse: Fulya Mahallesi B\u00fcy\u00fckdere Caddesi Torun Center D Blok No:74 D \u0130\u00e7 Kap\u0131 10 \u015ei\u015fli -\u0130STANBUL Telefon\u00a0 \u00a0 \u00a0: +90 212 916 15 14Handy : \u200e\u200e+90 536 423 32 42E- Mail\u00a0 \u00a0: info@parsaglik.com Kontakt-Formular<\/p>\n","protected":false},"author":1,"featured_media":0,"parent":0,"menu_order":0,"comment_status":"closed","ping_status":"closed","template":"","meta":[],"aioseo_notices":[],"_links":{"self":[{"href":"https:\/\/parsaglik.com\/de\/wp-json\/wp\/v2\/pages\/9765"}],"collection":[{"href":"https:\/\/parsaglik.com\/de\/wp-json\/wp\/v2\/pages"}],"about":[{"href":"https:\/\/parsaglik.com\/de\/wp-json\/wp\/v2\/types\/page"}],"author":[{"embeddable":true,"href":"https:\/\/parsaglik.com\/de\/wp-json\/wp\/v2\/users\/1"}],"replies":[{"embeddable":true,"href":"https:\/\/parsaglik.com\/de\/wp-json\/wp\/v2\/comments?post=9765"}],"version-history":[{"count":13,"href":"https:\/\/parsaglik.com\/de\/wp-json\/wp\/v2\/pages\/9765\/revisions"}],"predecessor-version":[{"id":10181,"href":"https:\/\/parsaglik.com\/de\/wp-json\/wp\/v2\/pages\/9765\/revisions\/10181"}],"wp:attachment":[{"href":"https:\/\/parsaglik.com\/de\/wp-json\/wp\/v2\/media?parent=9765"}],"curies":[{"name":"wp","href":"https:\/\/api.w.org\/{rel}","templated":true}]}}