{"id":9756,"date":"2023-10-17T20:30:55","date_gmt":"2023-10-17T17:30:55","guid":{"rendered":"https:\/\/parsaglik.com\/?page_id=9756"},"modified":"2024-01-12T18:19:02","modified_gmt":"2024-01-12T15:19:02","slug":"ueber-uns","status":"publish","type":"page","link":"https:\/\/parsaglik.com\/de\/ueber-uns\/","title":{"rendered":"\u00dcber uns"},"content":{"rendered":"\t\t<div data-elementor-type=\"wp-page\" data-elementor-id=\"9756\" class=\"elementor elementor-9756 elementor-1659\" data-elementor-settings=\"[]\">\n\t\t\t\t\t\t<div class=\"elementor-inner\">\n\t\t\t\t\t\t\t<div class=\"elementor-section-wrap\">\n\t\t\t\t\t\t\t<section class=\"elementor-section elementor-top-section elementor-element elementor-element-008ed23 elementor-section-content-middle elementor-section-boxed elementor-section-height-default elementor-section-height-default\" data-id=\"008ed23\" data-element_type=\"section\">\n\t\t\t\t\t\t<div class=\"elementor-container elementor-column-gap-no\">\n\t\t\t\t\t\t\t<div class=\"elementor-row\">\n\t\t\t\t\t<div class=\"elementor-column elementor-col-50 elementor-top-column elementor-element elementor-element-4ff3ef7\" data-id=\"4ff3ef7\" data-element_type=\"column\">\n\t\t\t<div class=\"elementor-column-wrap elementor-element-populated\">\n\t\t\t\t\t\t\t<div class=\"elementor-widget-wrap\">\n\t\t\t\t\t\t<div class=\"elementor-element elementor-element-fa18096 elementor-widget elementor-widget-image\" data-id=\"fa18096\" data-element_type=\"widget\" data-widget_type=\"image.default\">\n\t\t\t\t<div class=\"elementor-widget-container\">\n\t\t\t\t\t\t\t\t<div class=\"elementor-image\">\n\t\t\t\t\t\t\t\t\t\t\t\t<img decoding=\"async\" width=\"894\" height=\"780\" src=\"https:\/\/parsaglik.com\/wp-content\/uploads\/2024\/01\/parsaglikanasayfa.webp\" class=\"attachment-full size-full\" alt=\"\" loading=\"lazy\" srcset=\"https:\/\/parsaglik.com\/wp-content\/uploads\/2024\/01\/parsaglikanasayfa.webp 894w, https:\/\/parsaglik.com\/wp-content\/uploads\/2024\/01\/parsaglikanasayfa-300x262.webp 300w, https:\/\/parsaglik.com\/wp-content\/uploads\/2024\/01\/parsaglikanasayfa-768x670.webp 768w, https:\/\/parsaglik.com\/wp-content\/uploads\/2024\/01\/parsaglikanasayfa-180x157.webp 180w\" sizes=\"(max-width: 894px) 100vw, 894px\" \/>\t\t\t\t\t\t\t\t\t\t\t\t\t\t<\/div>\n\t\t\t\t\t\t<\/div>\n\t\t\t\t<\/div>\n\t\t\t\t\t\t<\/div>\n\t\t\t\t\t<\/div>\n\t\t<\/div>\n\t\t\t\t<div class=\"elementor-column elementor-col-50 elementor-top-column elementor-element elementor-element-416131e\" data-id=\"416131e\" data-element_type=\"column\">\n\t\t\t<div class=\"elementor-column-wrap elementor-element-populated\">\n\t\t\t\t\t\t\t<div class=\"elementor-widget-wrap\">\n\t\t\t\t\t\t<div class=\"elementor-element elementor-element-8ef0966 elementor-widget elementor-widget-heading\" data-id=\"8ef0966\" data-element_type=\"widget\" data-widget_type=\"heading.default\">\n\t\t\t\t<div class=\"elementor-widget-container\">\n\t\t\t<h4 class=\"elementor-heading-title elementor-size-default\">Erste Adresse des beruflichen Dienstes: Par Sa\u011fl\u0131k<\/h4>\t\t<\/div>\n\t\t\t\t<\/div>\n\t\t\t\t<div class=\"elementor-element elementor-element-8f91768 elementor-widget elementor-widget-text-editor\" data-id=\"8f91768\" data-element_type=\"widget\" data-widget_type=\"text-editor.default\">\n\t\t\t\t<div class=\"elementor-widget-container\">\n\t\t\t\t\t\t\t\t<div class=\"elementor-text-editor elementor-clearfix\">\n\t\t\t\t<p>Im Jahr 2010 wurde PAR HEALTH mit dem Slogan &#8222;Alles \u00fcber Gesundheit&#8220; als medizinisches Dienstleistungszentrum der T\u00fcrkei gegr\u00fcndet, das sich der Welt \u00f6ffnet. Wir behaupten, dass wir mit unseren Unterk\u00fcnften in unseren Vertragshotels, die ihre Qualit\u00e4t bewiesen haben, und unseren luxuri\u00f6sen Transportdiensten mit privatem Fahrer den besten Service bieten. Sie werden sich w\u00e4hrend des Behandlungsprozesses mit dem speziell f\u00fcr Sie zust\u00e4ndigen Assistenten wie zu Hause f\u00fchlen und nur an Ihre Genesung denken.<\/p>\n<p><strong>F\u00fcr ein gesundes Morgen: Zuverl\u00e4ssiger und qualitativ hochwertiger Gesundheitstourismus in der T\u00fcrkei<\/strong><\/p>\n<p>Die T\u00fcrkei, die mit ihrer geografischen Lage, den Natursch\u00f6nheiten, den \u00f6ffentlichen und privaten Gesundheitseinrichtungen, die sich durch ihre technologische Gesundheitsinfrastruktur und ihren Komfort auszeichnen, dem fachkundigen und erfahrenen medizinischen Personal, den komfortablen Unterk\u00fcnften und den Flugm\u00f6glichkeiten eine Quelle der Heilung ist, ist nach wie vor das bevorzugte Land der Welt. Das Wichtigste dabei ist, dass man von einem zuverl\u00e4ssigen Mitarbeiter betreut wird. Par Sa\u011fl\u0131k, mit seiner nationalen und internationalen Erfahrung, macht Ihre Reise mit seinen gut ausgestatteten, komfortablen, luxuri\u00f6sen Mercedes-Transferwagen und professionellen privaten Fahrern angenehm.<\/p>\t\t\t\t\t<\/div>\n\t\t\t\t\t\t<\/div>\n\t\t\t\t<\/div>\n\t\t\t\t\t\t<\/div>\n\t\t\t\t\t<\/div>\n\t\t<\/div>\n\t\t\t\t\t\t\t\t<\/div>\n\t\t\t\t\t<\/div>\n\t\t<\/section>\n\t\t\t\t<section class=\"elementor-section elementor-top-section elementor-element elementor-element-2cc83d7 elementor-section-content-middle elementor-reverse-mobile elementor-section-boxed elementor-section-height-default elementor-section-height-default\" data-id=\"2cc83d7\" data-element_type=\"section\">\n\t\t\t\t\t\t<div class=\"elementor-container elementor-column-gap-no\">\n\t\t\t\t\t\t\t<div class=\"elementor-row\">\n\t\t\t\t\t<div class=\"elementor-column elementor-col-100 elementor-top-column elementor-element elementor-element-5bfbbdb\" data-id=\"5bfbbdb\" data-element_type=\"column\">\n\t\t\t<div class=\"elementor-column-wrap elementor-element-populated\">\n\t\t\t\t\t\t\t<div class=\"elementor-widget-wrap\">\n\t\t\t\t\t\t<div class=\"elementor-element elementor-element-6670cc2 elementor-widget elementor-widget-apus_element_heading\" data-id=\"6670cc2\" data-element_type=\"widget\" data-widget_type=\"apus_element_heading.default\">\n\t\t\t\t<div class=\"elementor-widget-container\">\n\t\t\t<h2 class=\"apus-heading-title workio-heading-title workio-size-medium\">Die heilende Hand der T\u00fcrkei: <span class=\"text-theme\">Erstklassiger Service im Gesundheitstourismus<\/span><\/h2>\t\t<\/div>\n\t\t\t\t<\/div>\n\t\t\t\t<section class=\"elementor-section elementor-inner-section elementor-element elementor-element-d8f429c elementor-section-content-middle elementor-section-boxed elementor-section-height-default elementor-section-height-default\" data-id=\"d8f429c\" data-element_type=\"section\">\n\t\t\t\t\t\t<div class=\"elementor-container elementor-column-gap-no\">\n\t\t\t\t\t\t\t<div class=\"elementor-row\">\n\t\t\t\t\t<div class=\"elementor-column elementor-col-50 elementor-inner-column elementor-element elementor-element-1ef4a94\" data-id=\"1ef4a94\" data-element_type=\"column\">\n\t\t\t<div class=\"elementor-column-wrap elementor-element-populated\">\n\t\t\t\t\t\t\t<div class=\"elementor-widget-wrap\">\n\t\t\t\t\t\t<div class=\"elementor-element elementor-element-85a4408 elementor-widget elementor-widget-image\" data-id=\"85a4408\" data-element_type=\"widget\" data-widget_type=\"image.default\">\n\t\t\t\t<div class=\"elementor-widget-container\">\n\t\t\t\t\t\t\t\t<div class=\"elementor-image\">\n\t\t\t\t\t\t\t\t\t\t\t\t<img decoding=\"async\" width=\"660\" height=\"528\" src=\"https:\/\/parsaglik.com\/wp-content\/uploads\/2024\/01\/fiyatteklifi.webp\" class=\"attachment-large size-large\" alt=\"\" loading=\"lazy\" srcset=\"https:\/\/parsaglik.com\/wp-content\/uploads\/2024\/01\/fiyatteklifi.webp 1000w, https:\/\/parsaglik.com\/wp-content\/uploads\/2024\/01\/fiyatteklifi-300x240.webp 300w, https:\/\/parsaglik.com\/wp-content\/uploads\/2024\/01\/fiyatteklifi-768x614.webp 768w, https:\/\/parsaglik.com\/wp-content\/uploads\/2024\/01\/fiyatteklifi-180x144.webp 180w\" sizes=\"(max-width: 660px) 100vw, 660px\" \/>\t\t\t\t\t\t\t\t\t\t\t\t\t\t<\/div>\n\t\t\t\t\t\t<\/div>\n\t\t\t\t<\/div>\n\t\t\t\t\t\t<\/div>\n\t\t\t\t\t<\/div>\n\t\t<\/div>\n\t\t\t\t<div class=\"elementor-column elementor-col-50 elementor-inner-column elementor-element elementor-element-0d164f2\" data-id=\"0d164f2\" data-element_type=\"column\">\n\t\t\t<div class=\"elementor-column-wrap elementor-element-populated\">\n\t\t\t\t\t\t\t<div class=\"elementor-widget-wrap\">\n\t\t\t\t\t\t<div class=\"elementor-element elementor-element-8275f61 elementor-widget elementor-widget-menu-anchor\" data-id=\"8275f61\" data-element_type=\"widget\" data-widget_type=\"menu-anchor.default\">\n\t\t\t\t<div class=\"elementor-widget-container\">\n\t\t\t\t\t<div id=\"preisangebot\" class=\"elementor-menu-anchor\"><\/div>\n\t\t\t\t<\/div>\n\t\t\t\t<\/div>\n\t\t\t\t<div class=\"elementor-element elementor-element-f501fcf elementor-widget elementor-widget-heading\" data-id=\"f501fcf\" data-element_type=\"widget\" data-widget_type=\"heading.default\">\n\t\t\t\t<div class=\"elementor-widget-container\">\n\t\t\t<h2 class=\"elementor-heading-title elementor-size-default\">Preisangebot<\/h2>\t\t<\/div>\n\t\t\t\t<\/div>\n\t\t\t\t<div class=\"elementor-element elementor-element-150068c elementor-widget elementor-widget-text-editor\" data-id=\"150068c\" data-element_type=\"widget\" data-widget_type=\"text-editor.default\">\n\t\t\t\t<div class=\"elementor-widget-container\">\n\t\t\t\t\t\t\t\t<div class=\"elementor-text-editor elementor-clearfix\">\n\t\t\t\t<p>Die Preisinformationen, die Sie von Par Sa\u011fl\u0131k \u00fcber die Behandlungskosten anfordern, werden in \u00dcbereinstimmung mit dem professionellen Behandlungsplan erstellt. Unser oberstes Ziel ist es, dass Sie den besten Service zum g\u00fcnstigsten Preis von Gesundheitseinrichtungen mit internationalem Gesundheitstourismus-Zertifikat erhalten.<\/p>\t\t\t\t\t<\/div>\n\t\t\t\t\t\t<\/div>\n\t\t\t\t<\/div>\n\t\t\t\t\t\t<\/div>\n\t\t\t\t\t<\/div>\n\t\t<\/div>\n\t\t\t\t\t\t\t\t<\/div>\n\t\t\t\t\t<\/div>\n\t\t<\/section>\n\t\t\t\t<section class=\"elementor-section elementor-inner-section elementor-element elementor-element-3a793fb elementor-section-content-middle elementor-reverse-mobile elementor-section-boxed elementor-section-height-default elementor-section-height-default\" data-id=\"3a793fb\" data-element_type=\"section\">\n\t\t\t\t\t\t<div class=\"elementor-container elementor-column-gap-no\">\n\t\t\t\t\t\t\t<div class=\"elementor-row\">\n\t\t\t\t\t<div class=\"elementor-column elementor-col-50 elementor-inner-column elementor-element elementor-element-e00a959\" data-id=\"e00a959\" data-element_type=\"column\">\n\t\t\t<div class=\"elementor-column-wrap elementor-element-populated\">\n\t\t\t\t\t\t\t<div class=\"elementor-widget-wrap\">\n\t\t\t\t\t\t<div class=\"elementor-element elementor-element-065451b elementor-widget elementor-widget-menu-anchor\" data-id=\"065451b\" data-element_type=\"widget\" data-widget_type=\"menu-anchor.default\">\n\t\t\t\t<div class=\"elementor-widget-container\">\n\t\t\t\t\t<div id=\"reiseplan\" class=\"elementor-menu-anchor\"><\/div>\n\t\t\t\t<\/div>\n\t\t\t\t<\/div>\n\t\t\t\t<div class=\"elementor-element elementor-element-9297fce elementor-widget elementor-widget-heading\" data-id=\"9297fce\" data-element_type=\"widget\" data-widget_type=\"heading.default\">\n\t\t\t\t<div class=\"elementor-widget-container\">\n\t\t\t<h2 class=\"elementor-heading-title elementor-size-default\">Flugtickets - Visum - Reiseplan<\/h2>\t\t<\/div>\n\t\t\t\t<\/div>\n\t\t\t\t<div class=\"elementor-element elementor-element-f84080d elementor-widget elementor-widget-text-editor\" data-id=\"f84080d\" data-element_type=\"widget\" data-widget_type=\"text-editor.default\">\n\t\t\t\t<div class=\"elementor-widget-container\">\n\t\t\t\t\t\t\t\t<div class=\"elementor-text-editor elementor-clearfix\">\n\t\t\t\t<p>Wir stehen unseren nationalen und internationalen Patienten mit unserer langj\u00e4hrigen Erfahrung im Gesundheitssektor und unserem professionellen Personal zur Seite. Wir unterst\u00fctzen Sie bei der Preiskontrolle, der Stornierung\/Erstattung und dem Umtausch Ihrer Flugtickets sowie bei der Beantragung eines Visums, falls ein Visum erforderlich ist. Alle rechtlichen Dokumente und Visumsantr\u00e4ge werden von unseren Mitarbeitern sorgf\u00e4ltig gepr\u00fcft, und f\u00fcr Ihre Reiseplanung wird das am besten geeignete Transportmittel bereitgestellt.<\/p>\t\t\t\t\t<\/div>\n\t\t\t\t\t\t<\/div>\n\t\t\t\t<\/div>\n\t\t\t\t\t\t<\/div>\n\t\t\t\t\t<\/div>\n\t\t<\/div>\n\t\t\t\t<div class=\"elementor-column elementor-col-50 elementor-inner-column elementor-element elementor-element-67f2ec1\" data-id=\"67f2ec1\" data-element_type=\"column\">\n\t\t\t<div class=\"elementor-column-wrap elementor-element-populated\">\n\t\t\t\t\t\t\t<div class=\"elementor-widget-wrap\">\n\t\t\t\t\t\t<div class=\"elementor-element elementor-element-f2a27cd elementor-widget elementor-widget-image\" data-id=\"f2a27cd\" data-element_type=\"widget\" data-widget_type=\"image.default\">\n\t\t\t\t<div class=\"elementor-widget-container\">\n\t\t\t\t\t\t\t\t<div class=\"elementor-image\">\n\t\t\t\t\t\t\t\t\t\t\t\t<img decoding=\"async\" width=\"660\" height=\"528\" src=\"https:\/\/parsaglik.com\/wp-content\/uploads\/2024\/01\/pasaportseyahat.webp\" class=\"attachment-large size-large\" alt=\"\" loading=\"lazy\" srcset=\"https:\/\/parsaglik.com\/wp-content\/uploads\/2024\/01\/pasaportseyahat.webp 1000w, https:\/\/parsaglik.com\/wp-content\/uploads\/2024\/01\/pasaportseyahat-300x240.webp 300w, https:\/\/parsaglik.com\/wp-content\/uploads\/2024\/01\/pasaportseyahat-768x614.webp 768w, https:\/\/parsaglik.com\/wp-content\/uploads\/2024\/01\/pasaportseyahat-180x144.webp 180w\" sizes=\"(max-width: 660px) 100vw, 660px\" \/>\t\t\t\t\t\t\t\t\t\t\t\t\t\t<\/div>\n\t\t\t\t\t\t<\/div>\n\t\t\t\t<\/div>\n\t\t\t\t\t\t<\/div>\n\t\t\t\t\t<\/div>\n\t\t<\/div>\n\t\t\t\t\t\t\t\t<\/div>\n\t\t\t\t\t<\/div>\n\t\t<\/section>\n\t\t\t\t<section class=\"elementor-section elementor-inner-section elementor-element elementor-element-b4183a4 elementor-section-content-middle elementor-section-boxed elementor-section-height-default elementor-section-height-default\" data-id=\"b4183a4\" data-element_type=\"section\">\n\t\t\t\t\t\t<div class=\"elementor-container elementor-column-gap-no\">\n\t\t\t\t\t\t\t<div class=\"elementor-row\">\n\t\t\t\t\t<div class=\"elementor-column elementor-col-50 elementor-inner-column elementor-element elementor-element-e1bee74\" data-id=\"e1bee74\" data-element_type=\"column\">\n\t\t\t<div class=\"elementor-column-wrap elementor-element-populated\">\n\t\t\t\t\t\t\t<div class=\"elementor-widget-wrap\">\n\t\t\t\t\t\t<div class=\"elementor-element elementor-element-7b48705 elementor-widget elementor-widget-image\" data-id=\"7b48705\" data-element_type=\"widget\" data-widget_type=\"image.default\">\n\t\t\t\t<div class=\"elementor-widget-container\">\n\t\t\t\t\t\t\t\t<div class=\"elementor-image\">\n\t\t\t\t\t\t\t\t\t\t\t\t<img decoding=\"async\" width=\"660\" height=\"528\" src=\"https:\/\/parsaglik.com\/wp-content\/uploads\/2024\/01\/viptransfer.webp\" class=\"attachment-large size-large\" alt=\"\" loading=\"lazy\" srcset=\"https:\/\/parsaglik.com\/wp-content\/uploads\/2024\/01\/viptransfer.webp 1000w, https:\/\/parsaglik.com\/wp-content\/uploads\/2024\/01\/viptransfer-300x240.webp 300w, https:\/\/parsaglik.com\/wp-content\/uploads\/2024\/01\/viptransfer-768x614.webp 768w, https:\/\/parsaglik.com\/wp-content\/uploads\/2024\/01\/viptransfer-180x144.webp 180w\" sizes=\"(max-width: 660px) 100vw, 660px\" \/>\t\t\t\t\t\t\t\t\t\t\t\t\t\t<\/div>\n\t\t\t\t\t\t<\/div>\n\t\t\t\t<\/div>\n\t\t\t\t\t\t<\/div>\n\t\t\t\t\t<\/div>\n\t\t<\/div>\n\t\t\t\t<div class=\"elementor-column elementor-col-50 elementor-inner-column elementor-element elementor-element-e7158cf\" data-id=\"e7158cf\" data-element_type=\"column\">\n\t\t\t<div class=\"elementor-column-wrap elementor-element-populated\">\n\t\t\t\t\t\t\t<div class=\"elementor-widget-wrap\">\n\t\t\t\t\t\t<div class=\"elementor-element elementor-element-b06f3e5 elementor-widget elementor-widget-menu-anchor\" data-id=\"b06f3e5\" data-element_type=\"widget\" data-widget_type=\"menu-anchor.default\">\n\t\t\t\t<div class=\"elementor-widget-container\">\n\t\t\t\t\t<div id=\"unterkunftviptransfer\" class=\"elementor-menu-anchor\"><\/div>\n\t\t\t\t<\/div>\n\t\t\t\t<\/div>\n\t\t\t\t<div class=\"elementor-element elementor-element-477d682 elementor-widget elementor-widget-menu-anchor\" data-id=\"477d682\" data-element_type=\"widget\" data-widget_type=\"menu-anchor.default\">\n\t\t\t\t<div class=\"elementor-widget-container\">\n\t\t\t\t\t<div id=\"unterkunftviptransfer\" class=\"elementor-menu-anchor\"><\/div>\n\t\t\t\t<\/div>\n\t\t\t\t<\/div>\n\t\t\t\t<div class=\"elementor-element elementor-element-6ce5853 elementor-widget elementor-widget-menu-anchor\" data-id=\"6ce5853\" data-element_type=\"widget\" data-widget_type=\"menu-anchor.default\">\n\t\t\t\t<div class=\"elementor-widget-container\">\n\t\t\t\t\t<div id=\"unterkunft\" class=\"elementor-menu-anchor\"><\/div>\n\t\t\t\t<\/div>\n\t\t\t\t<\/div>\n\t\t\t\t<div class=\"elementor-element elementor-element-2e2fd19 elementor-widget elementor-widget-heading\" data-id=\"2e2fd19\" data-element_type=\"widget\" data-widget_type=\"heading.default\">\n\t\t\t\t<div class=\"elementor-widget-container\">\n\t\t\t<h2 class=\"elementor-heading-title elementor-size-default\">Unterkunft & VIP-Transfer<\/h2>\t\t<\/div>\n\t\t\t\t<\/div>\n\t\t\t\t<div class=\"elementor-element elementor-element-12258c2 elementor-widget elementor-widget-text-editor\" data-id=\"12258c2\" data-element_type=\"widget\" data-widget_type=\"text-editor.default\">\n\t\t\t\t<div class=\"elementor-widget-container\">\n\t\t\t\t\t\t\t\t<div class=\"elementor-text-editor elementor-clearfix\">\n\t\t\t\t<p>Wir behaupten, dass wir mit unserer Unterbringung in unseren Vertragshotels, die ihre Qualit\u00e4t bewiesen haben, und unseren luxuri\u00f6sen Transportdiensten mit privatem Fahrer den besten Service bieten. Par Sa\u011fl\u0131k mit seiner nationalen und internationalen Erfahrung; Sie werden sich w\u00e4hrend des Behandlungsprozesses mit dem speziell f\u00fcr Sie zust\u00e4ndigen Assistenten wie zu Hause f\u00fchlen und nur an Ihre Genesung denken.<\/p>\t\t\t\t\t<\/div>\n\t\t\t\t\t\t<\/div>\n\t\t\t\t<\/div>\n\t\t\t\t\t\t<\/div>\n\t\t\t\t\t<\/div>\n\t\t<\/div>\n\t\t\t\t\t\t\t\t<\/div>\n\t\t\t\t\t<\/div>\n\t\t<\/section>\n\t\t\t\t<section class=\"elementor-section elementor-inner-section elementor-element elementor-element-287a342 elementor-section-content-middle elementor-reverse-mobile elementor-section-boxed elementor-section-height-default elementor-section-height-default\" data-id=\"287a342\" data-element_type=\"section\">\n\t\t\t\t\t\t<div class=\"elementor-container elementor-column-gap-no\">\n\t\t\t\t\t\t\t<div class=\"elementor-row\">\n\t\t\t\t\t<div class=\"elementor-column elementor-col-50 elementor-inner-column elementor-element elementor-element-33c4441\" data-id=\"33c4441\" data-element_type=\"column\">\n\t\t\t<div class=\"elementor-column-wrap elementor-element-populated\">\n\t\t\t\t\t\t\t<div class=\"elementor-widget-wrap\">\n\t\t\t\t\t\t<div class=\"elementor-element elementor-element-fcfe59c elementor-widget elementor-widget-heading\" data-id=\"fcfe59c\" data-element_type=\"widget\" data-widget_type=\"heading.default\">\n\t\t\t\t<div class=\"elementor-widget-container\">\n\t\t\t<h2 class=\"elementor-heading-title elementor-size-default\">Vollkaskoversicherung f\u00fcr medizinische Komplikationen<\/h2>\t\t<\/div>\n\t\t\t\t<\/div>\n\t\t\t\t<div class=\"elementor-element elementor-element-1036abb elementor-widget elementor-widget-text-editor\" data-id=\"1036abb\" data-element_type=\"widget\" data-widget_type=\"text-editor.default\">\n\t\t\t\t<div class=\"elementor-widget-container\">\n\t\t\t\t\t\t\t\t<div class=\"elementor-text-editor elementor-clearfix\">\n\t\t\t\t<p>Die Versicherung f\u00fcr medizinische Komplikationen ist eine Art von Versicherung, die dazu beitragen kann, die Kosten f\u00fcr unerwartete Komplikationen, die nach einem medizinischen Eingriff auftreten, zu decken.<\/p><p>Mit der Versicherung f\u00fcr medizinische Komplikationen, die von einer der gr\u00f6\u00dften Versicherungsgesellschaften angeboten wird, m\u00fcssen Sie sich keine Sorgen \u00fcber unerwartete medizinische Kosten machen. Unsere Versicherung bietet Ihnen Sicherheit, indem sie Komplikationen abdeckt, die in den folgenden Bereichen auftreten k\u00f6nnen:<\/p><p>Medizinische Grundbereiche: Zahnmedizinische Komplikationen, Haartransplantation, Orthop\u00e4die, Gyn\u00e4kologie, allgemeine Chirurgie, Herzchirurgie und andere Bereiche.<\/p>\t\t\t\t\t<\/div>\n\t\t\t\t\t\t<\/div>\n\t\t\t\t<\/div>\n\t\t\t\t\t\t<\/div>\n\t\t\t\t\t<\/div>\n\t\t<\/div>\n\t\t\t\t<div class=\"elementor-column elementor-col-50 elementor-inner-column elementor-element elementor-element-b61120b\" data-id=\"b61120b\" data-element_type=\"column\">\n\t\t\t<div class=\"elementor-column-wrap elementor-element-populated\">\n\t\t\t\t\t\t\t<div class=\"elementor-widget-wrap\">\n\t\t\t\t\t\t<div class=\"elementor-element elementor-element-bdae443 elementor-widget elementor-widget-image\" data-id=\"bdae443\" data-element_type=\"widget\" data-widget_type=\"image.default\">\n\t\t\t\t<div class=\"elementor-widget-container\">\n\t\t\t\t\t\t\t\t<div class=\"elementor-image\">\n\t\t\t\t\t\t\t\t\t\t\t\t<img decoding=\"async\" width=\"660\" height=\"528\" src=\"https:\/\/parsaglik.com\/wp-content\/uploads\/2024\/01\/komplikasyonsigortasi.webp\" class=\"attachment-large size-large\" alt=\"\" loading=\"lazy\" srcset=\"https:\/\/parsaglik.com\/wp-content\/uploads\/2024\/01\/komplikasyonsigortasi.webp 1000w, https:\/\/parsaglik.com\/wp-content\/uploads\/2024\/01\/komplikasyonsigortasi-300x240.webp 300w, https:\/\/parsaglik.com\/wp-content\/uploads\/2024\/01\/komplikasyonsigortasi-768x614.webp 768w, https:\/\/parsaglik.com\/wp-content\/uploads\/2024\/01\/komplikasyonsigortasi-180x144.webp 180w\" sizes=\"(max-width: 660px) 100vw, 660px\" \/>\t\t\t\t\t\t\t\t\t\t\t\t\t\t<\/div>\n\t\t\t\t\t\t<\/div>\n\t\t\t\t<\/div>\n\t\t\t\t\t\t<\/div>\n\t\t\t\t\t<\/div>\n\t\t<\/div>\n\t\t\t\t\t\t\t\t<\/div>\n\t\t\t\t\t<\/div>\n\t\t<\/section>\n\t\t\t\t\t\t<\/div>\n\t\t\t\t\t<\/div>\n\t\t<\/div>\n\t\t\t\t\t\t\t\t<\/div>\n\t\t\t\t\t<\/div>\n\t\t<\/section>\n\t\t\t\t<section class=\"elementor-section elementor-top-section elementor-element elementor-element-28375e9 elementor-section-boxed elementor-section-height-default elementor-section-height-default\" data-id=\"28375e9\" data-element_type=\"section\">\n\t\t\t\t\t\t<div class=\"elementor-container elementor-column-gap-default\">\n\t\t\t\t\t\t\t<div class=\"elementor-row\">\n\t\t\t\t\t<div class=\"elementor-column elementor-col-100 elementor-top-column elementor-element elementor-element-eab1076\" data-id=\"eab1076\" data-element_type=\"column\">\n\t\t\t<div class=\"elementor-column-wrap elementor-element-populated\">\n\t\t\t\t\t\t\t<div class=\"elementor-widget-wrap\">\n\t\t\t\t\t\t<div class=\"elementor-element elementor-element-1cf0f5b elementor-widget elementor-widget-text-editor\" data-id=\"1cf0f5b\" data-element_type=\"widget\" data-widget_type=\"text-editor.default\">\n\t\t\t\t<div class=\"elementor-widget-container\">\n\t\t\t\t\t\t\t\t<div class=\"elementor-text-editor elementor-clearfix\">\n\t\t\t\t<p><span style=\"color: #000000;\">DEUTSCHLAND , DUBAI , \u00c4GYPTEN , PHILIPPINEN , SUDAN , LIBYEN , IRAN , QATAR , ALBANIEN , ISRAEL , BELGIEN , NIEDERLANDE , D\u00c4NEMARK , SCHWEIZ , T\u00dcRKEI<\/span><\/p>\t\t\t\t\t<\/div>\n\t\t\t\t\t\t<\/div>\n\t\t\t\t<\/div>\n\t\t\t\t\t\t<\/div>\n\t\t\t\t\t<\/div>\n\t\t<\/div>\n\t\t\t\t\t\t\t\t<\/div>\n\t\t\t\t\t<\/div>\n\t\t<\/section>\n\t\t\t\t\t\t<\/div>\n\t\t\t\t\t\t<\/div>\n\t\t\t\t\t<\/div>\n\t\t","protected":false},"excerpt":{"rendered":"<p>Erste Adresse des beruflichen Dienstes: Par Sa\u011fl\u0131k Im Jahr 2010 wurde PAR HEALTH mit dem Slogan &#8222;Alles \u00fcber Gesundheit&#8220; als medizinisches Dienstleistungszentrum der T\u00fcrkei gegr\u00fcndet, das sich der Welt \u00f6ffnet. Wir behaupten, dass wir mit unseren Unterk\u00fcnften in unseren Vertragshotels, die ihre Qualit\u00e4t bewiesen haben, und unseren luxuri\u00f6sen Transportdiensten mit privatem Fahrer den besten Service [&hellip;]<\/p>\n","protected":false},"author":1,"featured_media":0,"parent":0,"menu_order":0,"comment_status":"closed","ping_status":"closed","template":"elementor_header_footer","meta":[],"aioseo_notices":[],"_links":{"self":[{"href":"https:\/\/parsaglik.com\/de\/wp-json\/wp\/v2\/pages\/9756"}],"collection":[{"href":"https:\/\/parsaglik.com\/de\/wp-json\/wp\/v2\/pages"}],"about":[{"href":"https:\/\/parsaglik.com\/de\/wp-json\/wp\/v2\/types\/page"}],"author":[{"embeddable":true,"href":"https:\/\/parsaglik.com\/de\/wp-json\/wp\/v2\/users\/1"}],"replies":[{"embeddable":true,"href":"https:\/\/parsaglik.com\/de\/wp-json\/wp\/v2\/comments?post=9756"}],"version-history":[{"count":7,"href":"https:\/\/parsaglik.com\/de\/wp-json\/wp\/v2\/pages\/9756\/revisions"}],"predecessor-version":[{"id":10273,"href":"https:\/\/parsaglik.com\/de\/wp-json\/wp\/v2\/pages\/9756\/revisions\/10273"}],"wp:attachment":[{"href":"https:\/\/parsaglik.com\/de\/wp-json\/wp\/v2\/media?parent=9756"}],"curies":[{"name":"wp","href":"https:\/\/api.w.org\/{rel}","templated":true}]}}