{"id":9735,"date":"2023-10-17T20:19:47","date_gmt":"2023-10-17T17:19:47","guid":{"rendered":"https:\/\/parsaglik.com\/?page_id=9735"},"modified":"2023-10-17T20:21:34","modified_gmt":"2023-10-17T17:21:34","slug":"mehmet-par-de","status":"publish","type":"page","link":"https:\/\/parsaglik.com\/de\/unser-team\/mehmet-par-de\/","title":{"rendered":"Mehmet Par-de"},"content":{"rendered":"\t\t<div data-elementor-type=\"wp-page\" data-elementor-id=\"9735\" class=\"elementor elementor-9735 elementor-8404\" data-elementor-settings=\"[]\">\n\t\t\t\t\t\t<div class=\"elementor-inner\">\n\t\t\t\t\t\t\t<div class=\"elementor-section-wrap\">\n\t\t\t\t\t\t\t<section class=\"elementor-section elementor-top-section elementor-element elementor-element-7593caa8 elementor-section-content-middle elementor-section-boxed elementor-section-height-default elementor-section-height-default\" data-id=\"7593caa8\" data-element_type=\"section\">\n\t\t\t\t\t\t<div class=\"elementor-container elementor-column-gap-no\">\n\t\t\t\t\t\t\t<div class=\"elementor-row\">\n\t\t\t\t\t<div class=\"elementor-column elementor-col-50 elementor-top-column elementor-element elementor-element-76488d1e\" data-id=\"76488d1e\" data-element_type=\"column\">\n\t\t\t<div class=\"elementor-column-wrap elementor-element-populated\">\n\t\t\t\t\t\t\t<div class=\"elementor-widget-wrap\">\n\t\t\t\t\t\t<div class=\"elementor-element elementor-element-102552e0 elementor-widget elementor-widget-image\" data-id=\"102552e0\" data-element_type=\"widget\" data-widget_type=\"image.default\">\n\t\t\t\t<div class=\"elementor-widget-container\">\n\t\t\t\t\t\t\t\t<div class=\"elementor-image\">\n\t\t\t\t\t\t\t\t\t\t\t\t<img decoding=\"async\" width=\"400\" height=\"400\" src=\"https:\/\/parsaglik.com\/wp-content\/uploads\/2023\/01\/mehmetpar.webp\" class=\"attachment-full size-full\" alt=\"\" loading=\"lazy\" srcset=\"https:\/\/parsaglik.com\/wp-content\/uploads\/2023\/01\/mehmetpar.webp 400w, https:\/\/parsaglik.com\/wp-content\/uploads\/2023\/01\/mehmetpar-300x300.webp 300w, https:\/\/parsaglik.com\/wp-content\/uploads\/2023\/01\/mehmetpar-150x150.webp 150w, https:\/\/parsaglik.com\/wp-content\/uploads\/2023\/01\/mehmetpar-180x180.webp 180w\" sizes=\"(max-width: 400px) 100vw, 400px\" \/>\t\t\t\t\t\t\t\t\t\t\t\t\t\t<\/div>\n\t\t\t\t\t\t<\/div>\n\t\t\t\t<\/div>\n\t\t\t\t\t\t<\/div>\n\t\t\t\t\t<\/div>\n\t\t<\/div>\n\t\t\t\t<div class=\"elementor-column elementor-col-50 elementor-top-column elementor-element elementor-element-30c7c0c3\" data-id=\"30c7c0c3\" data-element_type=\"column\">\n\t\t\t<div class=\"elementor-column-wrap elementor-element-populated\">\n\t\t\t\t\t\t\t<div class=\"elementor-widget-wrap\">\n\t\t\t\t\t\t<div class=\"elementor-element elementor-element-29ef5a1a elementor-widget elementor-widget-heading\" data-id=\"29ef5a1a\" data-element_type=\"widget\" data-widget_type=\"heading.default\">\n\t\t\t\t<div class=\"elementor-widget-container\">\n\t\t\t<h1 class=\"elementor-heading-title elementor-size-default\">Mehmet Par<\/h1>\t\t<\/div>\n\t\t\t\t<\/div>\n\t\t\t\t<div class=\"elementor-element elementor-element-2914fff elementor-widget elementor-widget-heading\" data-id=\"2914fff\" data-element_type=\"widget\" data-widget_type=\"heading.default\">\n\t\t\t\t<div class=\"elementor-widget-container\">\n\t\t\t<h2 class=\"elementor-heading-title elementor-size-default\">Gr\u00fcnder<\/h2>\t\t<\/div>\n\t\t\t\t<\/div>\n\t\t\t\t<div class=\"elementor-element elementor-element-95cf9cd elementor-widget elementor-widget-text-editor\" data-id=\"95cf9cd\" data-element_type=\"widget\" data-widget_type=\"text-editor.default\">\n\t\t\t\t<div class=\"elementor-widget-container\">\n\t\t\t\t\t\t\t\t<div class=\"elementor-text-editor elementor-clearfix\">\n\t\t\t\t<p><b>Arbeitsleben<\/b><\/p><p>Par Health Consultancy Company &#8211; Gr\u00fcnderin<br \/>Istanbul Doctors Academy Unternehmen &#8211; Gr\u00fcnder<br \/>Gr\u00fcndungsmitglied der International Business People&#8217;s Association &#8211; Vorsitzender der Gesundheitskommission<\/p><p><b>L\u00e4nder der internationalen Zusammenarbeit:<\/b><\/p><p>USA<br \/>Vereinigtes K\u00f6nigreich<br \/>Deutschland<br \/>Australien<br \/>Dubai<\/p>\t\t\t\t\t<\/div>\n\t\t\t\t\t\t<\/div>\n\t\t\t\t<\/div>\n\t\t\t\t\t\t<\/div>\n\t\t\t\t\t<\/div>\n\t\t<\/div>\n\t\t\t\t\t\t\t\t<\/div>\n\t\t\t\t\t<\/div>\n\t\t<\/section>\n\t\t\t\t<section class=\"elementor-section elementor-top-section elementor-element elementor-element-b7a463c elementor-section-boxed elementor-section-height-default elementor-section-height-default\" data-id=\"b7a463c\" data-element_type=\"section\">\n\t\t\t\t\t\t<div class=\"elementor-container elementor-column-gap-default\">\n\t\t\t\t\t\t\t<div class=\"elementor-row\">\n\t\t\t\t\t<div class=\"elementor-column elementor-col-100 elementor-top-column elementor-element elementor-element-7e2a0b6\" data-id=\"7e2a0b6\" data-element_type=\"column\">\n\t\t\t<div class=\"elementor-column-wrap elementor-element-populated\">\n\t\t\t\t\t\t\t<div class=\"elementor-widget-wrap\">\n\t\t\t\t\t\t<div class=\"elementor-element elementor-element-26c798ad elementor-widget elementor-widget-text-editor\" data-id=\"26c798ad\" data-element_type=\"widget\" data-widget_type=\"text-editor.default\">\n\t\t\t\t<div class=\"elementor-widget-container\">\n\t\t\t\t\t\t\t\t<div class=\"elementor-text-editor elementor-clearfix\">\n\t\t\t\t<p><strong><span style=\"color: #000000;\">CV<\/span><\/strong><\/p><p><span style=\"color: #000000;\">Er wurde 1990 in Siverek, \u015eanl\u0131urfa, geboren. Er studierte in Siverek bis zur Oberstufe. Anschlie\u00dfend absolvierte er die Fakult\u00e4ten f\u00fcr Rechtsmanagement der Universit\u00e4t Istanbul und f\u00fcr Management von Gesundheitseinrichtungen der Anadolu-Universit\u00e4t.<\/span><\/p><p><span style=\"color: #000000;\">Seit 2011 hat er die Par Health Consultancy Company gegr\u00fcndet und f\u00fcr viele \u00c4rzte und Privatkliniken in der T\u00fcrkei Dienstleistungen erbracht. Er hat wichtige Projekte entwickelt und internationale Abkommen unterzeichnet, die den Gesundheitsbereich unseres Landes sowohl im In- als auch im Ausland pr\u00e4gen.<\/span><\/p><p><span style=\"color: #000000;\">Er ist der Gr\u00fcnder eines f\u00fchrenden Unternehmens, das es durchschnittlich 6.000 \u00c4rzten aus fast 100 L\u00e4ndern, insbesondere aus den USA, England, Deutschland, Australien und Dubai, erm\u00f6glicht, in unserem Land ausgebildet zu werden. Mit der von ihm gegr\u00fcndeten Istanbul Doctors Academy hat er 2022 ein weiteres gro\u00dfes Projekt unterzeichnet, mit dem unsere t\u00fcrkischen \u00c4rzte einen aktiven Platz im weltweiten Gesundheitssystem einnehmen werden.<\/span><\/p><p><span style=\"color: #000000;\">Mehmet Par ist eines der Gr\u00fcndungsmitglieder der International Business People Association (\u0130NT\u0130SAD). Er ist auch Vorsitzender der Gesundheitskommission der Vereinigung.<\/span><\/p><p><span style=\"color: #000000;\">Er hat 70 Provinzen in der T\u00fcrkei und 10 L\u00e4nder in Europa bereist. Er hat die internationale Zusammenarbeit in den L\u00e4ndern, die er besucht hat, verst\u00e4rkt.<\/span><\/p><p><span style=\"color: #000000;\">Er spricht flie\u00dfend Kurdisch und Zazaki.<\/span><\/p>\t\t\t\t\t<\/div>\n\t\t\t\t\t\t<\/div>\n\t\t\t\t<\/div>\n\t\t\t\t\t\t<\/div>\n\t\t\t\t\t<\/div>\n\t\t<\/div>\n\t\t\t\t\t\t\t\t<\/div>\n\t\t\t\t\t<\/div>\n\t\t<\/section>\n\t\t\t\t\t\t<\/div>\n\t\t\t\t\t\t<\/div>\n\t\t\t\t\t<\/div>\n\t\t","protected":false},"excerpt":{"rendered":"<p>Mehmet Par Gr\u00fcnder Arbeitsleben Par Health Consultancy Company &#8211; Gr\u00fcnderinIstanbul Doctors Academy Unternehmen &#8211; Gr\u00fcnderGr\u00fcndungsmitglied der International Business People&#8217;s Association &#8211; Vorsitzender der Gesundheitskommission L\u00e4nder der internationalen Zusammenarbeit: USAVereinigtes K\u00f6nigreichDeutschlandAustralienDubai CV Er wurde 1990 in Siverek, \u015eanl\u0131urfa, geboren. Er studierte in Siverek bis zur Oberstufe. Anschlie\u00dfend absolvierte er die Fakult\u00e4ten f\u00fcr Rechtsmanagement der Universit\u00e4t Istanbul [&hellip;]<\/p>\n","protected":false},"author":1,"featured_media":0,"parent":9499,"menu_order":0,"comment_status":"closed","ping_status":"closed","template":"","meta":[],"aioseo_notices":[],"_links":{"self":[{"href":"https:\/\/parsaglik.com\/de\/wp-json\/wp\/v2\/pages\/9735"}],"collection":[{"href":"https:\/\/parsaglik.com\/de\/wp-json\/wp\/v2\/pages"}],"about":[{"href":"https:\/\/parsaglik.com\/de\/wp-json\/wp\/v2\/types\/page"}],"author":[{"embeddable":true,"href":"https:\/\/parsaglik.com\/de\/wp-json\/wp\/v2\/users\/1"}],"replies":[{"embeddable":true,"href":"https:\/\/parsaglik.com\/de\/wp-json\/wp\/v2\/comments?post=9735"}],"version-history":[{"count":4,"href":"https:\/\/parsaglik.com\/de\/wp-json\/wp\/v2\/pages\/9735\/revisions"}],"predecessor-version":[{"id":9739,"href":"https:\/\/parsaglik.com\/de\/wp-json\/wp\/v2\/pages\/9735\/revisions\/9739"}],"up":[{"embeddable":true,"href":"https:\/\/parsaglik.com\/de\/wp-json\/wp\/v2\/pages\/9499"}],"wp:attachment":[{"href":"https:\/\/parsaglik.com\/de\/wp-json\/wp\/v2\/media?parent=9735"}],"curies":[{"name":"wp","href":"https:\/\/api.w.org\/{rel}","templated":true}]}}