{"id":9706,"date":"2023-10-17T19:59:02","date_gmt":"2023-10-17T16:59:02","guid":{"rendered":"https:\/\/parsaglik.com\/?page_id=9706"},"modified":"2024-04-16T18:54:40","modified_gmt":"2024-04-16T15:54:40","slug":"zahnaerztliche-ausbildung","status":"publish","type":"page","link":"https:\/\/parsaglik.com\/de\/zahnaerztliche-ausbildung\/","title":{"rendered":"Zahn\u00e4rztliche Ausbildung"},"content":{"rendered":"\t\t<div data-elementor-type=\"wp-page\" data-elementor-id=\"9706\" class=\"elementor elementor-9706 elementor-6868\" data-elementor-settings=\"[]\">\n\t\t\t\t\t\t<div class=\"elementor-inner\">\n\t\t\t\t\t\t\t<div class=\"elementor-section-wrap\">\n\t\t\t\t\t\t\t<section class=\"elementor-section elementor-top-section elementor-element elementor-element-ac5e355 elementor-section-boxed elementor-section-height-default elementor-section-height-default\" data-id=\"ac5e355\" data-element_type=\"section\">\n\t\t\t\t\t\t<div class=\"elementor-container elementor-column-gap-default\">\n\t\t\t\t\t\t\t<div class=\"elementor-row\">\n\t\t\t\t\t<div class=\"elementor-column elementor-col-100 elementor-top-column elementor-element elementor-element-8c0794c\" data-id=\"8c0794c\" data-element_type=\"column\">\n\t\t\t<div class=\"elementor-column-wrap elementor-element-populated\">\n\t\t\t\t\t\t\t<div class=\"elementor-widget-wrap\">\n\t\t\t\t\t\t<div class=\"elementor-element elementor-element-3735579 elementor-widget elementor-widget-heading\" data-id=\"3735579\" data-element_type=\"widget\" data-widget_type=\"heading.default\">\n\t\t\t\t<div class=\"elementor-widget-container\">\n\t\t\t<h2 class=\"elementor-heading-title elementor-size-default\">Zahnaerztliche Ausbildung<\/h2>\t\t<\/div>\n\t\t\t\t<\/div>\n\t\t\t\t<div class=\"elementor-element elementor-element-11c6334 elementor-widget elementor-widget-text-editor\" data-id=\"11c6334\" data-element_type=\"widget\" data-widget_type=\"text-editor.default\">\n\t\t\t\t<div class=\"elementor-widget-container\">\n\t\t\t\t\t\t\t\t<div class=\"elementor-text-editor elementor-clearfix\">\n\t\t\t\t<p>Als Par Brothers vermitteln wir Ausbildungen mit unserer langj\u00e4hrigen Erfahrung im Gesundheitsbereich. Die von den zugelassenen Krankenh\u00e4usern und \u00c4rzten, mit denen wir eine Vereinbarung getroffen haben, angebotenen Schulungen werden den Teilnehmern auf der Grundlage der aktuellsten Informationen des Sektors vorgestellt.<\/p>\t\t\t\t\t<\/div>\n\t\t\t\t\t\t<\/div>\n\t\t\t\t<\/div>\n\t\t\t\t<div class=\"elementor-element elementor-element-d83873f elementor-grid-3 elementor-grid-tablet-2 elementor-grid-mobile-1 elementor-posts--thumbnail-top elementor-card-shadow-yes elementor-posts__hover-gradient elementor-widget elementor-widget-posts\" data-id=\"d83873f\" data-element_type=\"widget\" data-settings=\"{&quot;pagination_type&quot;:&quot;numbers_and_prev_next&quot;,&quot;cards_columns&quot;:&quot;3&quot;,&quot;cards_columns_tablet&quot;:&quot;2&quot;,&quot;cards_columns_mobile&quot;:&quot;1&quot;,&quot;cards_row_gap&quot;:{&quot;unit&quot;:&quot;px&quot;,&quot;size&quot;:35,&quot;sizes&quot;:[]},&quot;cards_row_gap_tablet&quot;:{&quot;unit&quot;:&quot;px&quot;,&quot;size&quot;:&quot;&quot;,&quot;sizes&quot;:[]},&quot;cards_row_gap_mobile&quot;:{&quot;unit&quot;:&quot;px&quot;,&quot;size&quot;:&quot;&quot;,&quot;sizes&quot;:[]}}\" data-widget_type=\"posts.cards\">\n\t\t\t\t<div class=\"elementor-widget-container\">\n\t\t\t\t\t<div class=\"elementor-posts-container elementor-posts elementor-posts--skin-cards elementor-grid\">\n\t\t\t\t<article class=\"elementor-post elementor-grid-item post-9718 post type-post status-publish format-standard has-post-thumbnail hentry category-innerstaatliche-schulungen category-zahnarztliche-ausbildung\">\n\t\t\t<div class=\"elementor-post__card\">\n\t\t\t\t<a class=\"elementor-post__thumbnail__link\" href=\"https:\/\/parsaglik.com\/de\/ausbildungsprogramm-implantologie\/\" ><div class=\"elementor-post__thumbnail\"><img width=\"300\" height=\"225\" src=\"https:\/\/parsaglik.com\/wp-content\/uploads\/2020\/09\/implantolojiegitim-300x225.webp\" class=\"attachment-medium size-medium\" alt=\"\" decoding=\"async\" loading=\"lazy\" srcset=\"https:\/\/parsaglik.com\/wp-content\/uploads\/2020\/09\/implantolojiegitim-300x225.webp 300w, https:\/\/parsaglik.com\/wp-content\/uploads\/2020\/09\/implantolojiegitim-180x135.webp 180w, https:\/\/parsaglik.com\/wp-content\/uploads\/2020\/09\/implantolojiegitim.webp 591w\" sizes=\"(max-width: 300px) 100vw, 300px\" \/><\/div><\/a>\n\t\t\t\t<div class=\"elementor-post__text\">\n\t\t\t\t<h3 class=\"elementor-post__title\">\n\t\t\t<a href=\"https:\/\/parsaglik.com\/de\/ausbildungsprogramm-implantologie\/\" >\n\t\t\t\tAusbildungsprogramm Implantologie\t\t\t<\/a>\n\t\t<\/h3>\n\t\t\t\t<\/div>\n\t\t\t\t<div class=\"elementor-post__meta-data\">\n\t\t\t\t\t<span class=\"elementor-post-author\">\n\t\t\tPar Sa\u011fl\u0131k Dan\u0131\u015fmanl\u0131k\t\t<\/span>\n\t\t\t\t<\/div>\n\t\t\t\t\t<\/div>\n\t\t<\/article>\n\t\t\t\t<article class=\"elementor-post elementor-grid-item post-9714 post type-post status-publish format-standard has-post-thumbnail hentry category-innerstaatliche-schulungen category-zahnarztliche-ausbildung\">\n\t\t\t<div class=\"elementor-post__card\">\n\t\t\t\t<a class=\"elementor-post__thumbnail__link\" href=\"https:\/\/parsaglik.com\/de\/endodontisches-beobachtungsprogramm\/\" ><div class=\"elementor-post__thumbnail\"><img width=\"300\" height=\"300\" src=\"https:\/\/parsaglik.com\/wp-content\/uploads\/2022\/11\/endodoncover-300x300.webp\" class=\"attachment-medium size-medium\" alt=\"\" decoding=\"async\" loading=\"lazy\" srcset=\"https:\/\/parsaglik.com\/wp-content\/uploads\/2022\/11\/endodoncover-300x300.webp 300w, https:\/\/parsaglik.com\/wp-content\/uploads\/2022\/11\/endodoncover-150x150.webp 150w, https:\/\/parsaglik.com\/wp-content\/uploads\/2022\/11\/endodoncover-180x180.webp 180w, https:\/\/parsaglik.com\/wp-content\/uploads\/2022\/11\/endodoncover.webp 450w\" sizes=\"(max-width: 300px) 100vw, 300px\" \/><\/div><\/a>\n\t\t\t\t<div class=\"elementor-post__text\">\n\t\t\t\t<h3 class=\"elementor-post__title\">\n\t\t\t<a href=\"https:\/\/parsaglik.com\/de\/endodontisches-beobachtungsprogramm\/\" >\n\t\t\t\tEndodontisches Beobachtungsprogramm\t\t\t<\/a>\n\t\t<\/h3>\n\t\t\t\t<\/div>\n\t\t\t\t<div class=\"elementor-post__meta-data\">\n\t\t\t\t\t<span class=\"elementor-post-author\">\n\t\t\tPar Sa\u011fl\u0131k Dan\u0131\u015fmanl\u0131k\t\t<\/span>\n\t\t\t\t<\/div>\n\t\t\t\t\t<\/div>\n\t\t<\/article>\n\t\t\t\t<article class=\"elementor-post elementor-grid-item post-9711 post type-post status-publish format-standard has-post-thumbnail hentry category-innerstaatliche-schulungen category-zahnarztliche-ausbildung\">\n\t\t\t<div class=\"elementor-post__card\">\n\t\t\t\t<a class=\"elementor-post__thumbnail__link\" href=\"https:\/\/parsaglik.com\/de\/beobachtungsprogramm-fuer-mund-und-zahnchirurgie\/\" ><div class=\"elementor-post__thumbnail\"><img width=\"300\" height=\"225\" src=\"https:\/\/parsaglik.com\/wp-content\/uploads\/2022\/11\/discerrahisi-300x225.webp\" class=\"attachment-medium size-medium\" alt=\"\" decoding=\"async\" loading=\"lazy\" srcset=\"https:\/\/parsaglik.com\/wp-content\/uploads\/2022\/11\/discerrahisi-300x225.webp 300w, https:\/\/parsaglik.com\/wp-content\/uploads\/2022\/11\/discerrahisi-180x135.webp 180w, https:\/\/parsaglik.com\/wp-content\/uploads\/2022\/11\/discerrahisi.webp 591w\" sizes=\"(max-width: 300px) 100vw, 300px\" \/><\/div><\/a>\n\t\t\t\t<div class=\"elementor-post__text\">\n\t\t\t\t<h3 class=\"elementor-post__title\">\n\t\t\t<a href=\"https:\/\/parsaglik.com\/de\/beobachtungsprogramm-fuer-mund-und-zahnchirurgie\/\" >\n\t\t\t\tBeobachtungsprogramm f\u00fcr Mund- und Zahnchirurgie\t\t\t<\/a>\n\t\t<\/h3>\n\t\t\t\t<\/div>\n\t\t\t\t<div class=\"elementor-post__meta-data\">\n\t\t\t\t\t<span class=\"elementor-post-author\">\n\t\t\tPar Sa\u011fl\u0131k Dan\u0131\u015fmanl\u0131k\t\t<\/span>\n\t\t\t\t<\/div>\n\t\t\t\t\t<\/div>\n\t\t<\/article>\n\t\t\t\t<\/div>\n\n\n\t\t\n\t\t\t\t<\/div>\n\t\t\t\t<\/div>\n\t\t\t\t\t\t<\/div>\n\t\t\t\t\t<\/div>\n\t\t<\/div>\n\t\t\t\t\t\t\t\t<\/div>\n\t\t\t\t\t<\/div>\n\t\t<\/section>\n\t\t\t\t\t\t<\/div>\n\t\t\t\t\t\t<\/div>\n\t\t\t\t\t<\/div>\n\t\t","protected":false},"excerpt":{"rendered":"<p>Zahnaerztliche Ausbildung Als Par Brothers vermitteln wir Ausbildungen mit unserer langj\u00e4hrigen Erfahrung im Gesundheitsbereich. Die von den zugelassenen Krankenh\u00e4usern und<\/p>\n","protected":false},"author":1,"featured_media":0,"parent":0,"menu_order":0,"comment_status":"closed","ping_status":"closed","template":"","meta":[],"aioseo_notices":[],"_links":{"self":[{"href":"https:\/\/parsaglik.com\/de\/wp-json\/wp\/v2\/pages\/9706"}],"collection":[{"href":"https:\/\/parsaglik.com\/de\/wp-json\/wp\/v2\/pages"}],"about":[{"href":"https:\/\/parsaglik.com\/de\/wp-json\/wp\/v2\/types\/page"}],"author":[{"embeddable":true,"href":"https:\/\/parsaglik.com\/de\/wp-json\/wp\/v2\/users\/1"}],"replies":[{"embeddable":true,"href":"https:\/\/parsaglik.com\/de\/wp-json\/wp\/v2\/comments?post=9706"}],"version-history":[{"count":7,"href":"https:\/\/parsaglik.com\/de\/wp-json\/wp\/v2\/pages\/9706\/revisions"}],"predecessor-version":[{"id":10390,"href":"https:\/\/parsaglik.com\/de\/wp-json\/wp\/v2\/pages\/9706\/revisions\/10390"}],"wp:attachment":[{"href":"https:\/\/parsaglik.com\/de\/wp-json\/wp\/v2\/media?parent=9706"}],"curies":[{"name":"wp","href":"https:\/\/api.w.org\/{rel}","templated":true}]}}